{"id":424,"date":"2017-02-22T11:29:30","date_gmt":"2017-02-22T11:29:30","guid":{"rendered":"http:\/\/es.acre.fullcircle.es\/?page_id=424"},"modified":"2024-02-23T12:27:27","modified_gmt":"2024-02-23T12:27:27","slug":"servico-tecnico","status":"publish","type":"page","link":"https:\/\/old.grupoacre.com.pt\/es\/apoio\/servico-tecnico\/","title":{"rendered":"Servicio T\u00e9cnico"},"content":{"rendered":"<p>En Grupo Acre\u00a0puedes conseguir paquetes de soporte oficiales Leica CCP (Customer Care Packages), gracias a nuestra acreditaci\u00f3n\u00a0como <strong>servicio t\u00e9cnico<\/strong>.<\/p>\n<p>Nuestro equipo humano <strong>acreditado<\/strong> est\u00e1 altamente cualificado y cuenta con todos los recursos posibles para ofrecer un servicio t\u00e9cnico de mantenimiento, asistencia, calibrado y reparaci\u00f3n de la m\u00e1xima calidad y eficacia. A su disposici\u00f3n tienen sistemas de colimadores para poder verificar y controlar los aparatos y equipos topogr\u00e1ficos, asegurando as\u00ed la perfecta puesta a punto del producto.<\/p>\n<p>&nbsp;<\/p>\n<p>&nbsp;<\/p>","protected":false},"excerpt":{"rendered":"En Grupo Acre\u00a0puedes conseguir paquetes de soporte oficiales Leica CCP (Customer Care Packages), gracias a nuestra acreditaci\u00f3n\u00a0como servicio t\u00e9cnico. Nuestro equipo humano acreditado est\u00e1 altamente cualificado y cuenta con todos los recursos posibles para ofrecer un servicio t\u00e9cnico de mantenimiento, asistencia, calibrado y reparaci\u00f3n de la m\u00e1xima calidad y eficacia. A su disposici\u00f3n tienen sistemas&#8230;","protected":false},"author":1,"featured_media":83735,"parent":429,"menu_order":0,"comment_status":"closed","ping_status":"closed","template":"template-sat.php","meta":{"_acf_changed":false,"footnotes":""},"class_list":["post-424","page","type-page","status-publish","has-post-thumbnail","hentry"],"acf":[],"yoast_head":"<!-- This site is optimized with the Yoast SEO plugin v25.2 - https:\/\/yoast.com\/wordpress\/plugins\/seo\/ -->\n<title>Servi\u00e7o T\u00e9cnico de equipamentos topogr\u00e1ficos | Grupo Acre<\/title>\n<meta name=\"description\" content=\"Temos os equipamentos e recursos necess\u00e1rios para oferecer servi\u00e7os t\u00e9cnicos de manuten\u00e7\u00e3o, assist\u00eancia, calibra\u00e7\u00e3o e reparo de dispositivos topogr\u00e1ficos.\" \/>\n<meta name=\"robots\" content=\"index, follow, max-snippet:-1, max-image-preview:large, max-video-preview:-1\" \/>\n<link rel=\"canonical\" href=\"https:\/\/old.grupoacre.com.pt\/es\/apoio\/servico-tecnico\/\" \/>\n<meta property=\"og:locale\" content=\"es_ES\" \/>\n<meta property=\"og:type\" content=\"article\" \/>\n<meta property=\"og:title\" content=\"Servi\u00e7o T\u00e9cnico de equipamentos topogr\u00e1ficos | Grupo Acre\" \/>\n<meta property=\"og:description\" content=\"Temos os equipamentos e recursos necess\u00e1rios para oferecer servi\u00e7os t\u00e9cnicos de manuten\u00e7\u00e3o, assist\u00eancia, calibra\u00e7\u00e3o e reparo de dispositivos topogr\u00e1ficos.\" \/>\n<meta property=\"og:url\" content=\"https:\/\/old.grupoacre.com.pt\/es\/apoio\/servico-tecnico\/\" \/>\n<meta property=\"og:site_name\" content=\"Grupo Acre Portugal\" \/>\n<meta property=\"article:publisher\" content=\"https:\/\/www.facebook.com\/Acre.Surveying.Solutions\" \/>\n<meta property=\"article:modified_time\" content=\"2024-02-23T12:27:27+00:00\" \/>\n<meta property=\"og:image\" content=\"https:\/\/old.grupoacre.com.pt\/wp-content\/uploads\/sites\/7\/2017\/02\/servicio-tecnico.jpg\" \/>\n\t<meta property=\"og:image:width\" content=\"1600\" \/>\n\t<meta property=\"og:image:height\" content=\"300\" \/>\n\t<meta property=\"og:image:type\" content=\"image\/jpeg\" \/>\n<meta name=\"twitter:card\" content=\"summary_large_image\" \/>\n<meta name=\"twitter:site\" content=\"@AcreSurveying\" \/>\n<meta name=\"twitter:label1\" content=\"Tiempo de lectura\" \/>\n\t<meta name=\"twitter:data1\" content=\"1 minuto\" \/>\n<script type=\"application\/ld+json\" class=\"yoast-schema-graph\">{\"@context\":\"https:\/\/schema.org\",\"@graph\":[{\"@type\":\"WebPage\",\"@id\":\"https:\/\/old.grupoacre.com.pt\/es\/apoio\/servico-tecnico\/\",\"url\":\"https:\/\/old.grupoacre.com.pt\/es\/apoio\/servico-tecnico\/\",\"name\":\"Servi\u00e7o T\u00e9cnico de equipamentos topogr\u00e1ficos | Grupo Acre\",\"isPartOf\":{\"@id\":\"https:\/\/old.grupoacre.com.pt\/es\/#website\"},\"primaryImageOfPage\":{\"@id\":\"https:\/\/old.grupoacre.com.pt\/es\/apoio\/servico-tecnico\/#primaryimage\"},\"image\":{\"@id\":\"https:\/\/old.grupoacre.com.pt\/es\/apoio\/servico-tecnico\/#primaryimage\"},\"thumbnailUrl\":\"https:\/\/old.grupoacre.com.pt\/wp-content\/uploads\/sites\/7\/2017\/02\/servicio-tecnico.jpg\",\"datePublished\":\"2017-02-22T11:29:30+00:00\",\"dateModified\":\"2024-02-23T12:27:27+00:00\",\"description\":\"Temos os equipamentos e recursos necess\u00e1rios para oferecer servi\u00e7os t\u00e9cnicos de manuten\u00e7\u00e3o, assist\u00eancia, calibra\u00e7\u00e3o e reparo de dispositivos topogr\u00e1ficos.\",\"breadcrumb\":{\"@id\":\"https:\/\/old.grupoacre.com.pt\/es\/apoio\/servico-tecnico\/#breadcrumb\"},\"inLanguage\":\"es\",\"potentialAction\":[{\"@type\":\"ReadAction\",\"target\":[[\"https:\/\/old.grupoacre.com.pt\/es\/apoio\/servico-tecnico\/\"]]}]},{\"@type\":\"ImageObject\",\"inLanguage\":\"es\",\"@id\":\"https:\/\/old.grupoacre.com.pt\/es\/apoio\/servico-tecnico\/#primaryimage\",\"url\":\"https:\/\/old.grupoacre.com.pt\/wp-content\/uploads\/sites\/7\/2017\/02\/servicio-tecnico.jpg\",\"contentUrl\":\"https:\/\/old.grupoacre.com.pt\/wp-content\/uploads\/sites\/7\/2017\/02\/servicio-tecnico.jpg\",\"width\":1600,\"height\":300,\"caption\":\"Servicio t\u00e9cnico oficial Leica Geosystems\"},{\"@type\":\"BreadcrumbList\",\"@id\":\"https:\/\/old.grupoacre.com.pt\/es\/apoio\/servico-tecnico\/#breadcrumb\",\"itemListElement\":[{\"@type\":\"ListItem\",\"position\":1,\"name\":\"Portada\",\"item\":\"https:\/\/old.grupoacre.com.pt\/es\/\"},{\"@type\":\"ListItem\",\"position\":2,\"name\":\"Soporte\",\"item\":\"https:\/\/old.grupoacre.com.pt\/es\/apoio\/\"},{\"@type\":\"ListItem\",\"position\":3,\"name\":\"Servicio T\u00e9cnico\"}]},{\"@type\":\"WebSite\",\"@id\":\"https:\/\/old.grupoacre.com.pt\/es\/#website\",\"url\":\"https:\/\/old.grupoacre.com.pt\/es\/\",\"name\":\"Grupo Acre Portugal\",\"description\":\"Soluciones topogr\u00e1ficas\",\"potentialAction\":[{\"@type\":\"SearchAction\",\"target\":{\"@type\":\"EntryPoint\",\"urlTemplate\":\"https:\/\/old.grupoacre.com.pt\/es\/?s={search_term_string}\"},\"query-input\":{\"@type\":\"PropertyValueSpecification\",\"valueRequired\":true,\"valueName\":\"search_term_string\"}}],\"inLanguage\":\"es\"}]}<\/script>\n<!-- \/ Yoast SEO plugin. -->","yoast_head_json":{"title":"Servi\u00e7o T\u00e9cnico de equipamentos topogr\u00e1ficos | Grupo Acre","description":"Temos os equipamentos e recursos necess\u00e1rios para oferecer servi\u00e7os t\u00e9cnicos de manuten\u00e7\u00e3o, assist\u00eancia, calibra\u00e7\u00e3o e reparo de dispositivos topogr\u00e1ficos.","robots":{"index":"index","follow":"follow","max-snippet":"max-snippet:-1","max-image-preview":"max-image-preview:large","max-video-preview":"max-video-preview:-1"},"canonical":"https:\/\/old.grupoacre.com.pt\/es\/apoio\/servico-tecnico\/","og_locale":"es_ES","og_type":"article","og_title":"Servi\u00e7o T\u00e9cnico de equipamentos topogr\u00e1ficos | Grupo Acre","og_description":"Temos os equipamentos e recursos necess\u00e1rios para oferecer servi\u00e7os t\u00e9cnicos de manuten\u00e7\u00e3o, assist\u00eancia, calibra\u00e7\u00e3o e reparo de dispositivos topogr\u00e1ficos.","og_url":"https:\/\/old.grupoacre.com.pt\/es\/apoio\/servico-tecnico\/","og_site_name":"Grupo Acre Portugal","article_publisher":"https:\/\/www.facebook.com\/Acre.Surveying.Solutions","article_modified_time":"2024-02-23T12:27:27+00:00","og_image":[{"width":1600,"height":300,"url":"https:\/\/old.grupoacre.com.pt\/wp-content\/uploads\/sites\/7\/2017\/02\/servicio-tecnico.jpg","type":"image\/jpeg"}],"twitter_card":"summary_large_image","twitter_site":"@AcreSurveying","twitter_misc":{"Tiempo de lectura":"1 minuto"},"schema":{"@context":"https:\/\/schema.org","@graph":[{"@type":"WebPage","@id":"https:\/\/old.grupoacre.com.pt\/es\/apoio\/servico-tecnico\/","url":"https:\/\/old.grupoacre.com.pt\/es\/apoio\/servico-tecnico\/","name":"Servi\u00e7o T\u00e9cnico de equipamentos topogr\u00e1ficos | Grupo Acre","isPartOf":{"@id":"https:\/\/old.grupoacre.com.pt\/es\/#website"},"primaryImageOfPage":{"@id":"https:\/\/old.grupoacre.com.pt\/es\/apoio\/servico-tecnico\/#primaryimage"},"image":{"@id":"https:\/\/old.grupoacre.com.pt\/es\/apoio\/servico-tecnico\/#primaryimage"},"thumbnailUrl":"https:\/\/old.grupoacre.com.pt\/wp-content\/uploads\/sites\/7\/2017\/02\/servicio-tecnico.jpg","datePublished":"2017-02-22T11:29:30+00:00","dateModified":"2024-02-23T12:27:27+00:00","description":"Temos os equipamentos e recursos necess\u00e1rios para oferecer servi\u00e7os t\u00e9cnicos de manuten\u00e7\u00e3o, assist\u00eancia, calibra\u00e7\u00e3o e reparo de dispositivos topogr\u00e1ficos.","breadcrumb":{"@id":"https:\/\/old.grupoacre.com.pt\/es\/apoio\/servico-tecnico\/#breadcrumb"},"inLanguage":"es","potentialAction":[{"@type":"ReadAction","target":[["https:\/\/old.grupoacre.com.pt\/es\/apoio\/servico-tecnico\/"]]}]},{"@type":"ImageObject","inLanguage":"es","@id":"https:\/\/old.grupoacre.com.pt\/es\/apoio\/servico-tecnico\/#primaryimage","url":"https:\/\/old.grupoacre.com.pt\/wp-content\/uploads\/sites\/7\/2017\/02\/servicio-tecnico.jpg","contentUrl":"https:\/\/old.grupoacre.com.pt\/wp-content\/uploads\/sites\/7\/2017\/02\/servicio-tecnico.jpg","width":1600,"height":300,"caption":"Servicio t\u00e9cnico oficial Leica Geosystems"},{"@type":"BreadcrumbList","@id":"https:\/\/old.grupoacre.com.pt\/es\/apoio\/servico-tecnico\/#breadcrumb","itemListElement":[{"@type":"ListItem","position":1,"name":"Portada","item":"https:\/\/old.grupoacre.com.pt\/es\/"},{"@type":"ListItem","position":2,"name":"Soporte","item":"https:\/\/old.grupoacre.com.pt\/es\/apoio\/"},{"@type":"ListItem","position":3,"name":"Servicio T\u00e9cnico"}]},{"@type":"WebSite","@id":"https:\/\/old.grupoacre.com.pt\/es\/#website","url":"https:\/\/old.grupoacre.com.pt\/es\/","name":"Grupo Acre Portugal","description":"Soluciones topogr\u00e1ficas","potentialAction":[{"@type":"SearchAction","target":{"@type":"EntryPoint","urlTemplate":"https:\/\/old.grupoacre.com.pt\/es\/?s={search_term_string}"},"query-input":{"@type":"PropertyValueSpecification","valueRequired":true,"valueName":"search_term_string"}}],"inLanguage":"es"}]}},"_links":{"self":[{"href":"https:\/\/old.grupoacre.com.pt\/es\/wp-json\/wp\/v2\/pages\/424","targetHints":{"allow":["GET"]}}],"collection":[{"href":"https:\/\/old.grupoacre.com.pt\/es\/wp-json\/wp\/v2\/pages"}],"about":[{"href":"https:\/\/old.grupoacre.com.pt\/es\/wp-json\/wp\/v2\/types\/page"}],"author":[{"embeddable":true,"href":"https:\/\/old.grupoacre.com.pt\/es\/wp-json\/wp\/v2\/users\/1"}],"replies":[{"embeddable":true,"href":"https:\/\/old.grupoacre.com.pt\/es\/wp-json\/wp\/v2\/comments?post=424"}],"version-history":[{"count":13,"href":"https:\/\/old.grupoacre.com.pt\/es\/wp-json\/wp\/v2\/pages\/424\/revisions"}],"predecessor-version":[{"id":285174,"href":"https:\/\/old.grupoacre.com.pt\/es\/wp-json\/wp\/v2\/pages\/424\/revisions\/285174"}],"up":[{"embeddable":true,"href":"https:\/\/old.grupoacre.com.pt\/es\/wp-json\/wp\/v2\/pages\/429"}],"wp:featuredmedia":[{"embeddable":true,"href":"https:\/\/old.grupoacre.com.pt\/es\/wp-json\/wp\/v2\/media\/83735"}],"wp:attachment":[{"href":"https:\/\/old.grupoacre.com.pt\/es\/wp-json\/wp\/v2\/media?parent=424"}],"curies":[{"name":"wp","href":"https:\/\/api.w.org\/{rel}","templated":true}]}}