{"id":422,"date":"2017-02-22T10:29:49","date_gmt":"2017-02-22T10:29:49","guid":{"rendered":"http:\/\/es.acre.fullcircle.es\/?page_id=422"},"modified":"2018-04-16T12:19:05","modified_gmt":"2018-04-16T12:19:05","slug":"apoio-profissional-tecnico-comercial-equipamentos-topograficos-geodesia-medicao","status":"publish","type":"page","link":"https:\/\/old.grupoacre.com.pt\/es\/sectores-de-aplicacao\/apoio-profissional-tecnico-comercial-equipamentos-topograficos-geodesia-medicao\/","title":{"rendered":"Asesoramiento comercial especializado en sectores"},"content":{"rendered":"<p><strong>Elegir de manera \u00f3ptima<\/strong> un modelo entre las m\u00faltiples opciones y componentes que presenta nuestro cat\u00e1logo puede ser una tarea compleja. La alternativa m\u00e1s adecuada no s\u00f3lo depende de las capacidades t\u00e9cnicas y la formaci\u00f3n de quienes la van a usar, sino tambi\u00e9n del sector y las caracter\u00edsticas de los proyectos a los que va a ser destinada.<\/p>\n<p>Una elecci\u00f3n adecuada puede suponer, adem\u00e1s de un importante <strong>ahorro<\/strong>, un acierto en cuanto a la <strong>explotaci\u00f3n del instrumento<\/strong> y la <strong>satisfacci\u00f3n<\/strong> de quienes se beneficiar\u00e1n de sus ventajas.<\/p>","protected":false},"excerpt":{"rendered":"Elegir de manera \u00f3ptima un modelo entre las m\u00faltiples opciones y componentes que presenta nuestro cat\u00e1logo puede ser una tarea compleja. La alternativa m\u00e1s adecuada no s\u00f3lo depende de las capacidades t\u00e9cnicas y la formaci\u00f3n de quienes la van a usar, sino tambi\u00e9n del sector y las caracter\u00edsticas de los proyectos a los que va&#8230;","protected":false},"author":3,"featured_media":83733,"parent":398,"menu_order":0,"comment_status":"closed","ping_status":"closed","template":"template-sat.php","meta":{"_acf_changed":false,"footnotes":""},"class_list":["post-422","page","type-page","status-publish","has-post-thumbnail","hentry"],"acf":[],"yoast_head":"<!-- This site is optimized with the Yoast SEO plugin v25.2 - https:\/\/yoast.com\/wordpress\/plugins\/seo\/ -->\n<title>Apoio t\u00e9cnico e comercial em topografia | Grupo Acre<\/title>\n<meta name=\"description\" content=\"Ajudamos a escolher o equipamento que melhor se adapta \u00e0s suas capacidades t\u00e9cnicas e \u00e0s suas necessidades de projeto.\" \/>\n<meta name=\"robots\" content=\"index, follow, max-snippet:-1, max-image-preview:large, max-video-preview:-1\" \/>\n<link rel=\"canonical\" href=\"https:\/\/old.grupoacre.com.pt\/es\/sectores-de-aplicacao\/apoio-profissional-tecnico-comercial-equipamentos-topograficos-geodesia-medicao\/\" \/>\n<meta property=\"og:locale\" content=\"es_ES\" \/>\n<meta property=\"og:type\" content=\"article\" \/>\n<meta property=\"og:title\" content=\"Apoio t\u00e9cnico e comercial em topografia | Grupo Acre\" \/>\n<meta property=\"og:description\" content=\"Ajudamos a escolher o equipamento que melhor se adapta \u00e0s suas capacidades t\u00e9cnicas e \u00e0s suas necessidades de projeto.\" \/>\n<meta property=\"og:url\" content=\"https:\/\/old.grupoacre.com.pt\/es\/sectores-de-aplicacao\/apoio-profissional-tecnico-comercial-equipamentos-topograficos-geodesia-medicao\/\" \/>\n<meta property=\"og:site_name\" content=\"Grupo Acre Portugal\" \/>\n<meta property=\"article:publisher\" content=\"https:\/\/www.facebook.com\/Acre.Surveying.Solutions\" \/>\n<meta property=\"article:modified_time\" content=\"2018-04-16T12:19:05+00:00\" \/>\n<meta property=\"og:image\" content=\"https:\/\/old.grupoacre.com.pt\/wp-content\/uploads\/sites\/7\/2017\/02\/asesoramiento_tecnico.jpg\" \/>\n\t<meta property=\"og:image:width\" content=\"1600\" \/>\n\t<meta property=\"og:image:height\" content=\"300\" \/>\n\t<meta property=\"og:image:type\" content=\"image\/jpeg\" \/>\n<meta name=\"twitter:card\" content=\"summary_large_image\" \/>\n<meta name=\"twitter:site\" content=\"@AcreSurveying\" \/>\n<meta name=\"twitter:label1\" content=\"Tiempo de lectura\" \/>\n\t<meta name=\"twitter:data1\" content=\"1 minuto\" \/>\n<script type=\"application\/ld+json\" class=\"yoast-schema-graph\">{\"@context\":\"https:\/\/schema.org\",\"@graph\":[{\"@type\":\"WebPage\",\"@id\":\"https:\/\/old.grupoacre.com.pt\/es\/sectores-de-aplicacao\/apoio-profissional-tecnico-comercial-equipamentos-topograficos-geodesia-medicao\/\",\"url\":\"https:\/\/old.grupoacre.com.pt\/es\/sectores-de-aplicacao\/apoio-profissional-tecnico-comercial-equipamentos-topograficos-geodesia-medicao\/\",\"name\":\"Apoio t\u00e9cnico e comercial em topografia | Grupo Acre\",\"isPartOf\":{\"@id\":\"https:\/\/old.grupoacre.com.pt\/es\/#website\"},\"primaryImageOfPage\":{\"@id\":\"https:\/\/old.grupoacre.com.pt\/es\/sectores-de-aplicacao\/apoio-profissional-tecnico-comercial-equipamentos-topograficos-geodesia-medicao\/#primaryimage\"},\"image\":{\"@id\":\"https:\/\/old.grupoacre.com.pt\/es\/sectores-de-aplicacao\/apoio-profissional-tecnico-comercial-equipamentos-topograficos-geodesia-medicao\/#primaryimage\"},\"thumbnailUrl\":\"https:\/\/old.grupoacre.com.pt\/wp-content\/uploads\/sites\/7\/2017\/02\/asesoramiento_tecnico.jpg\",\"datePublished\":\"2017-02-22T10:29:49+00:00\",\"dateModified\":\"2018-04-16T12:19:05+00:00\",\"description\":\"Ajudamos a escolher o equipamento que melhor se adapta \u00e0s suas capacidades t\u00e9cnicas e \u00e0s suas necessidades de projeto.\",\"breadcrumb\":{\"@id\":\"https:\/\/old.grupoacre.com.pt\/es\/sectores-de-aplicacao\/apoio-profissional-tecnico-comercial-equipamentos-topograficos-geodesia-medicao\/#breadcrumb\"},\"inLanguage\":\"es\",\"potentialAction\":[{\"@type\":\"ReadAction\",\"target\":[[\"https:\/\/old.grupoacre.com.pt\/es\/sectores-de-aplicacao\/apoio-profissional-tecnico-comercial-equipamentos-topograficos-geodesia-medicao\/\"]]}]},{\"@type\":\"ImageObject\",\"inLanguage\":\"es\",\"@id\":\"https:\/\/old.grupoacre.com.pt\/es\/sectores-de-aplicacao\/apoio-profissional-tecnico-comercial-equipamentos-topograficos-geodesia-medicao\/#primaryimage\",\"url\":\"https:\/\/old.grupoacre.com.pt\/wp-content\/uploads\/sites\/7\/2017\/02\/asesoramiento_tecnico.jpg\",\"contentUrl\":\"https:\/\/old.grupoacre.com.pt\/wp-content\/uploads\/sites\/7\/2017\/02\/asesoramiento_tecnico.jpg\",\"width\":1600,\"height\":300,\"caption\":\"Asesoramiento tecnico\"},{\"@type\":\"BreadcrumbList\",\"@id\":\"https:\/\/old.grupoacre.com.pt\/es\/sectores-de-aplicacao\/apoio-profissional-tecnico-comercial-equipamentos-topograficos-geodesia-medicao\/#breadcrumb\",\"itemListElement\":[{\"@type\":\"ListItem\",\"position\":1,\"name\":\"Portada\",\"item\":\"https:\/\/old.grupoacre.com.pt\/es\/\"},{\"@type\":\"ListItem\",\"position\":2,\"name\":\"Sectores de aplicaci\u00f3n\",\"item\":\"https:\/\/old.grupoacre.com.pt\/es\/sectores-de-aplicacao\/\"},{\"@type\":\"ListItem\",\"position\":3,\"name\":\"Asesoramiento comercial especializado en sectores\"}]},{\"@type\":\"WebSite\",\"@id\":\"https:\/\/old.grupoacre.com.pt\/es\/#website\",\"url\":\"https:\/\/old.grupoacre.com.pt\/es\/\",\"name\":\"Grupo Acre Portugal\",\"description\":\"Soluciones topogr\u00e1ficas\",\"potentialAction\":[{\"@type\":\"SearchAction\",\"target\":{\"@type\":\"EntryPoint\",\"urlTemplate\":\"https:\/\/old.grupoacre.com.pt\/es\/?s={search_term_string}\"},\"query-input\":{\"@type\":\"PropertyValueSpecification\",\"valueRequired\":true,\"valueName\":\"search_term_string\"}}],\"inLanguage\":\"es\"}]}<\/script>\n<!-- \/ Yoast SEO plugin. -->","yoast_head_json":{"title":"Apoio t\u00e9cnico e comercial em topografia | Grupo Acre","description":"Ajudamos a escolher o equipamento que melhor se adapta \u00e0s suas capacidades t\u00e9cnicas e \u00e0s suas necessidades de projeto.","robots":{"index":"index","follow":"follow","max-snippet":"max-snippet:-1","max-image-preview":"max-image-preview:large","max-video-preview":"max-video-preview:-1"},"canonical":"https:\/\/old.grupoacre.com.pt\/es\/sectores-de-aplicacao\/apoio-profissional-tecnico-comercial-equipamentos-topograficos-geodesia-medicao\/","og_locale":"es_ES","og_type":"article","og_title":"Apoio t\u00e9cnico e comercial em topografia | Grupo Acre","og_description":"Ajudamos a escolher o equipamento que melhor se adapta \u00e0s suas capacidades t\u00e9cnicas e \u00e0s suas necessidades de projeto.","og_url":"https:\/\/old.grupoacre.com.pt\/es\/sectores-de-aplicacao\/apoio-profissional-tecnico-comercial-equipamentos-topograficos-geodesia-medicao\/","og_site_name":"Grupo Acre Portugal","article_publisher":"https:\/\/www.facebook.com\/Acre.Surveying.Solutions","article_modified_time":"2018-04-16T12:19:05+00:00","og_image":[{"width":1600,"height":300,"url":"https:\/\/old.grupoacre.com.pt\/wp-content\/uploads\/sites\/7\/2017\/02\/asesoramiento_tecnico.jpg","type":"image\/jpeg"}],"twitter_card":"summary_large_image","twitter_site":"@AcreSurveying","twitter_misc":{"Tiempo de lectura":"1 minuto"},"schema":{"@context":"https:\/\/schema.org","@graph":[{"@type":"WebPage","@id":"https:\/\/old.grupoacre.com.pt\/es\/sectores-de-aplicacao\/apoio-profissional-tecnico-comercial-equipamentos-topograficos-geodesia-medicao\/","url":"https:\/\/old.grupoacre.com.pt\/es\/sectores-de-aplicacao\/apoio-profissional-tecnico-comercial-equipamentos-topograficos-geodesia-medicao\/","name":"Apoio t\u00e9cnico e comercial em topografia | Grupo Acre","isPartOf":{"@id":"https:\/\/old.grupoacre.com.pt\/es\/#website"},"primaryImageOfPage":{"@id":"https:\/\/old.grupoacre.com.pt\/es\/sectores-de-aplicacao\/apoio-profissional-tecnico-comercial-equipamentos-topograficos-geodesia-medicao\/#primaryimage"},"image":{"@id":"https:\/\/old.grupoacre.com.pt\/es\/sectores-de-aplicacao\/apoio-profissional-tecnico-comercial-equipamentos-topograficos-geodesia-medicao\/#primaryimage"},"thumbnailUrl":"https:\/\/old.grupoacre.com.pt\/wp-content\/uploads\/sites\/7\/2017\/02\/asesoramiento_tecnico.jpg","datePublished":"2017-02-22T10:29:49+00:00","dateModified":"2018-04-16T12:19:05+00:00","description":"Ajudamos a escolher o equipamento que melhor se adapta \u00e0s suas capacidades t\u00e9cnicas e \u00e0s suas necessidades de projeto.","breadcrumb":{"@id":"https:\/\/old.grupoacre.com.pt\/es\/sectores-de-aplicacao\/apoio-profissional-tecnico-comercial-equipamentos-topograficos-geodesia-medicao\/#breadcrumb"},"inLanguage":"es","potentialAction":[{"@type":"ReadAction","target":[["https:\/\/old.grupoacre.com.pt\/es\/sectores-de-aplicacao\/apoio-profissional-tecnico-comercial-equipamentos-topograficos-geodesia-medicao\/"]]}]},{"@type":"ImageObject","inLanguage":"es","@id":"https:\/\/old.grupoacre.com.pt\/es\/sectores-de-aplicacao\/apoio-profissional-tecnico-comercial-equipamentos-topograficos-geodesia-medicao\/#primaryimage","url":"https:\/\/old.grupoacre.com.pt\/wp-content\/uploads\/sites\/7\/2017\/02\/asesoramiento_tecnico.jpg","contentUrl":"https:\/\/old.grupoacre.com.pt\/wp-content\/uploads\/sites\/7\/2017\/02\/asesoramiento_tecnico.jpg","width":1600,"height":300,"caption":"Asesoramiento tecnico"},{"@type":"BreadcrumbList","@id":"https:\/\/old.grupoacre.com.pt\/es\/sectores-de-aplicacao\/apoio-profissional-tecnico-comercial-equipamentos-topograficos-geodesia-medicao\/#breadcrumb","itemListElement":[{"@type":"ListItem","position":1,"name":"Portada","item":"https:\/\/old.grupoacre.com.pt\/es\/"},{"@type":"ListItem","position":2,"name":"Sectores de aplicaci\u00f3n","item":"https:\/\/old.grupoacre.com.pt\/es\/sectores-de-aplicacao\/"},{"@type":"ListItem","position":3,"name":"Asesoramiento comercial especializado en sectores"}]},{"@type":"WebSite","@id":"https:\/\/old.grupoacre.com.pt\/es\/#website","url":"https:\/\/old.grupoacre.com.pt\/es\/","name":"Grupo Acre Portugal","description":"Soluciones topogr\u00e1ficas","potentialAction":[{"@type":"SearchAction","target":{"@type":"EntryPoint","urlTemplate":"https:\/\/old.grupoacre.com.pt\/es\/?s={search_term_string}"},"query-input":{"@type":"PropertyValueSpecification","valueRequired":true,"valueName":"search_term_string"}}],"inLanguage":"es"}]}},"_links":{"self":[{"href":"https:\/\/old.grupoacre.com.pt\/es\/wp-json\/wp\/v2\/pages\/422","targetHints":{"allow":["GET"]}}],"collection":[{"href":"https:\/\/old.grupoacre.com.pt\/es\/wp-json\/wp\/v2\/pages"}],"about":[{"href":"https:\/\/old.grupoacre.com.pt\/es\/wp-json\/wp\/v2\/types\/page"}],"author":[{"embeddable":true,"href":"https:\/\/old.grupoacre.com.pt\/es\/wp-json\/wp\/v2\/users\/3"}],"replies":[{"embeddable":true,"href":"https:\/\/old.grupoacre.com.pt\/es\/wp-json\/wp\/v2\/comments?post=422"}],"version-history":[{"count":5,"href":"https:\/\/old.grupoacre.com.pt\/es\/wp-json\/wp\/v2\/pages\/422\/revisions"}],"predecessor-version":[{"id":258447,"href":"https:\/\/old.grupoacre.com.pt\/es\/wp-json\/wp\/v2\/pages\/422\/revisions\/258447"}],"up":[{"embeddable":true,"href":"https:\/\/old.grupoacre.com.pt\/es\/wp-json\/wp\/v2\/pages\/398"}],"wp:featuredmedia":[{"embeddable":true,"href":"https:\/\/old.grupoacre.com.pt\/es\/wp-json\/wp\/v2\/media\/83733"}],"wp:attachment":[{"href":"https:\/\/old.grupoacre.com.pt\/es\/wp-json\/wp\/v2\/media?parent=422"}],"curies":[{"name":"wp","href":"https:\/\/api.w.org\/{rel}","templated":true}]}}