{"id":386,"date":"2017-02-21T12:36:10","date_gmt":"2017-02-21T12:36:10","guid":{"rendered":"http:\/\/es.acre.fullcircle.es\/?page_id=386"},"modified":"2023-09-15T14:41:50","modified_gmt":"2023-09-15T14:41:50","slug":"produtos-em-promocao","status":"publish","type":"page","link":"https:\/\/old.grupoacre.com.pt\/es\/produtos\/produtos-em-promocao\/","title":{"rendered":"Productos topogr\u00e1ficos de oferta"},"content":{"rendered":"<p>Ofertas exclusivas en productos de termograf\u00eda, RPA y topograf\u00eda. Packs especialmente orientados a empresas de servicios, inspecciones en industria y construcci\u00f3n, electricistas y otros profesionales relacionados con la medici\u00f3n topogr\u00e1fica.<\/p>\n<p><em>*Las promociones especiales ofrecidas en este apartado son v\u00e1lidas durante periodos concretos o hasta fin de existencias.<\/em><\/p>","protected":false},"excerpt":{"rendered":"Ofertas exclusivas en productos de termograf\u00eda, RPA y topograf\u00eda. Packs especialmente orientados a empresas de servicios, inspecciones en industria y construcci\u00f3n, electricistas y otros profesionales relacionados con la medici\u00f3n topogr\u00e1fica. *Las promociones especiales ofrecidas en este apartado son v\u00e1lidas durante periodos concretos o hasta fin de existencias.","protected":false},"author":1,"featured_media":0,"parent":163,"menu_order":0,"comment_status":"closed","ping_status":"closed","template":"","meta":{"_acf_changed":false,"footnotes":""},"class_list":["post-386","page","type-page","status-publish","hentry"],"acf":[],"yoast_head":"<!-- This site is optimized with the Yoast SEO plugin v25.2 - https:\/\/yoast.com\/wordpress\/plugins\/seo\/ -->\n<title>Promo\u00e7\u00f5es - equipamento de topografia, geodesia e medi\u00e7\u00e3o | Grupo Acre<\/title>\n<meta name=\"description\" content=\"Produtos topogr\u00e1ficos em promo\u00e7\u00e3o. Descubra as nossas promo\u00e7\u00f5es em packs de termografia, topografia e RPA. Descontos exclusivos e promo\u00e7\u00f5es especiais limitadas.\" \/>\n<meta name=\"robots\" content=\"index, follow, max-snippet:-1, max-image-preview:large, max-video-preview:-1\" \/>\n<link rel=\"canonical\" href=\"https:\/\/old.grupoacre.com.pt\/es\/produtos\/produtos-em-promocao\/\" \/>\n<meta property=\"og:locale\" content=\"es_ES\" \/>\n<meta property=\"og:type\" content=\"article\" \/>\n<meta property=\"og:title\" content=\"Promo\u00e7\u00f5es - equipamento de topografia, geodesia e medi\u00e7\u00e3o | Grupo Acre\" \/>\n<meta property=\"og:description\" content=\"Produtos topogr\u00e1ficos em promo\u00e7\u00e3o. Descubra as nossas promo\u00e7\u00f5es em packs de termografia, topografia e RPA. Descontos exclusivos e promo\u00e7\u00f5es especiais limitadas.\" \/>\n<meta property=\"og:url\" content=\"https:\/\/old.grupoacre.com.pt\/es\/produtos\/produtos-em-promocao\/\" \/>\n<meta property=\"og:site_name\" content=\"Grupo Acre Portugal\" \/>\n<meta property=\"article:publisher\" content=\"https:\/\/www.facebook.com\/Acre.Surveying.Solutions\" \/>\n<meta property=\"article:modified_time\" content=\"2023-09-15T14:41:50+00:00\" \/>\n<meta name=\"twitter:card\" content=\"summary_large_image\" \/>\n<meta name=\"twitter:site\" content=\"@AcreSurveying\" \/>\n<meta name=\"twitter:label1\" content=\"Tiempo de lectura\" \/>\n\t<meta name=\"twitter:data1\" content=\"1 minuto\" \/>\n<script type=\"application\/ld+json\" class=\"yoast-schema-graph\">{\"@context\":\"https:\/\/schema.org\",\"@graph\":[{\"@type\":\"WebPage\",\"@id\":\"https:\/\/old.grupoacre.com.pt\/es\/produtos\/produtos-em-promocao\/\",\"url\":\"https:\/\/old.grupoacre.com.pt\/es\/produtos\/produtos-em-promocao\/\",\"name\":\"Promo\u00e7\u00f5es - equipamento de topografia, geodesia e medi\u00e7\u00e3o | Grupo Acre\",\"isPartOf\":{\"@id\":\"https:\/\/old.grupoacre.com.pt\/es\/#website\"},\"datePublished\":\"2017-02-21T12:36:10+00:00\",\"dateModified\":\"2023-09-15T14:41:50+00:00\",\"description\":\"Produtos topogr\u00e1ficos em promo\u00e7\u00e3o. Descubra as nossas promo\u00e7\u00f5es em packs de termografia, topografia e RPA. Descontos exclusivos e promo\u00e7\u00f5es especiais limitadas.\",\"breadcrumb\":{\"@id\":\"https:\/\/old.grupoacre.com.pt\/es\/produtos\/produtos-em-promocao\/#breadcrumb\"},\"inLanguage\":\"es\",\"potentialAction\":[{\"@type\":\"ReadAction\",\"target\":[[\"https:\/\/old.grupoacre.com.pt\/es\/produtos\/produtos-em-promocao\/\"]]}]},{\"@type\":\"BreadcrumbList\",\"@id\":\"https:\/\/old.grupoacre.com.pt\/es\/produtos\/produtos-em-promocao\/#breadcrumb\",\"itemListElement\":[{\"@type\":\"ListItem\",\"position\":1,\"name\":\"Portada\",\"item\":\"https:\/\/old.grupoacre.com.pt\/es\/\"},{\"@type\":\"ListItem\",\"position\":2,\"name\":\"Loja\",\"item\":\"https:\/\/old.grupoacre.com.pt\/es\/produtos\/\"},{\"@type\":\"ListItem\",\"position\":3,\"name\":\"Productos topogr\u00e1ficos de oferta\"}]},{\"@type\":\"WebSite\",\"@id\":\"https:\/\/old.grupoacre.com.pt\/es\/#website\",\"url\":\"https:\/\/old.grupoacre.com.pt\/es\/\",\"name\":\"Grupo Acre Portugal\",\"description\":\"Soluciones topogr\u00e1ficas\",\"potentialAction\":[{\"@type\":\"SearchAction\",\"target\":{\"@type\":\"EntryPoint\",\"urlTemplate\":\"https:\/\/old.grupoacre.com.pt\/es\/?s={search_term_string}\"},\"query-input\":{\"@type\":\"PropertyValueSpecification\",\"valueRequired\":true,\"valueName\":\"search_term_string\"}}],\"inLanguage\":\"es\"}]}<\/script>\n<!-- \/ Yoast SEO plugin. -->","yoast_head_json":{"title":"Promo\u00e7\u00f5es - equipamento de topografia, geodesia e medi\u00e7\u00e3o | Grupo Acre","description":"Produtos topogr\u00e1ficos em promo\u00e7\u00e3o. Descubra as nossas promo\u00e7\u00f5es em packs de termografia, topografia e RPA. Descontos exclusivos e promo\u00e7\u00f5es especiais limitadas.","robots":{"index":"index","follow":"follow","max-snippet":"max-snippet:-1","max-image-preview":"max-image-preview:large","max-video-preview":"max-video-preview:-1"},"canonical":"https:\/\/old.grupoacre.com.pt\/es\/produtos\/produtos-em-promocao\/","og_locale":"es_ES","og_type":"article","og_title":"Promo\u00e7\u00f5es - equipamento de topografia, geodesia e medi\u00e7\u00e3o | Grupo Acre","og_description":"Produtos topogr\u00e1ficos em promo\u00e7\u00e3o. Descubra as nossas promo\u00e7\u00f5es em packs de termografia, topografia e RPA. Descontos exclusivos e promo\u00e7\u00f5es especiais limitadas.","og_url":"https:\/\/old.grupoacre.com.pt\/es\/produtos\/produtos-em-promocao\/","og_site_name":"Grupo Acre Portugal","article_publisher":"https:\/\/www.facebook.com\/Acre.Surveying.Solutions","article_modified_time":"2023-09-15T14:41:50+00:00","twitter_card":"summary_large_image","twitter_site":"@AcreSurveying","twitter_misc":{"Tiempo de lectura":"1 minuto"},"schema":{"@context":"https:\/\/schema.org","@graph":[{"@type":"WebPage","@id":"https:\/\/old.grupoacre.com.pt\/es\/produtos\/produtos-em-promocao\/","url":"https:\/\/old.grupoacre.com.pt\/es\/produtos\/produtos-em-promocao\/","name":"Promo\u00e7\u00f5es - equipamento de topografia, geodesia e medi\u00e7\u00e3o | Grupo Acre","isPartOf":{"@id":"https:\/\/old.grupoacre.com.pt\/es\/#website"},"datePublished":"2017-02-21T12:36:10+00:00","dateModified":"2023-09-15T14:41:50+00:00","description":"Produtos topogr\u00e1ficos em promo\u00e7\u00e3o. Descubra as nossas promo\u00e7\u00f5es em packs de termografia, topografia e RPA. Descontos exclusivos e promo\u00e7\u00f5es especiais limitadas.","breadcrumb":{"@id":"https:\/\/old.grupoacre.com.pt\/es\/produtos\/produtos-em-promocao\/#breadcrumb"},"inLanguage":"es","potentialAction":[{"@type":"ReadAction","target":[["https:\/\/old.grupoacre.com.pt\/es\/produtos\/produtos-em-promocao\/"]]}]},{"@type":"BreadcrumbList","@id":"https:\/\/old.grupoacre.com.pt\/es\/produtos\/produtos-em-promocao\/#breadcrumb","itemListElement":[{"@type":"ListItem","position":1,"name":"Portada","item":"https:\/\/old.grupoacre.com.pt\/es\/"},{"@type":"ListItem","position":2,"name":"Loja","item":"https:\/\/old.grupoacre.com.pt\/es\/produtos\/"},{"@type":"ListItem","position":3,"name":"Productos topogr\u00e1ficos de oferta"}]},{"@type":"WebSite","@id":"https:\/\/old.grupoacre.com.pt\/es\/#website","url":"https:\/\/old.grupoacre.com.pt\/es\/","name":"Grupo Acre Portugal","description":"Soluciones topogr\u00e1ficas","potentialAction":[{"@type":"SearchAction","target":{"@type":"EntryPoint","urlTemplate":"https:\/\/old.grupoacre.com.pt\/es\/?s={search_term_string}"},"query-input":{"@type":"PropertyValueSpecification","valueRequired":true,"valueName":"search_term_string"}}],"inLanguage":"es"}]}},"_links":{"self":[{"href":"https:\/\/old.grupoacre.com.pt\/es\/wp-json\/wp\/v2\/pages\/386","targetHints":{"allow":["GET"]}}],"collection":[{"href":"https:\/\/old.grupoacre.com.pt\/es\/wp-json\/wp\/v2\/pages"}],"about":[{"href":"https:\/\/old.grupoacre.com.pt\/es\/wp-json\/wp\/v2\/types\/page"}],"author":[{"embeddable":true,"href":"https:\/\/old.grupoacre.com.pt\/es\/wp-json\/wp\/v2\/users\/1"}],"replies":[{"embeddable":true,"href":"https:\/\/old.grupoacre.com.pt\/es\/wp-json\/wp\/v2\/comments?post=386"}],"version-history":[{"count":22,"href":"https:\/\/old.grupoacre.com.pt\/es\/wp-json\/wp\/v2\/pages\/386\/revisions"}],"predecessor-version":[{"id":282855,"href":"https:\/\/old.grupoacre.com.pt\/es\/wp-json\/wp\/v2\/pages\/386\/revisions\/282855"}],"up":[{"embeddable":true,"href":"https:\/\/old.grupoacre.com.pt\/es\/wp-json\/wp\/v2\/pages\/163"}],"wp:attachment":[{"href":"https:\/\/old.grupoacre.com.pt\/es\/wp-json\/wp\/v2\/media?parent=386"}],"curies":[{"name":"wp","href":"https:\/\/api.w.org\/{rel}","templated":true}]}}