{"id":294904,"date":"2025-10-23T09:09:43","date_gmt":"2025-10-23T09:09:43","guid":{"rendered":"https:\/\/grupoacre.com.pt\/?page_id=294904"},"modified":"2025-10-23T14:17:01","modified_gmt":"2025-10-23T14:17:01","slug":"roadshow-leica-ts20","status":"publish","type":"page","link":"https:\/\/old.grupoacre.com.pt\/es\/roadshow-leica-ts20\/","title":{"rendered":"Inscreva-se"},"content":{"rendered":"<p class=\"qtranxs-available-languages-message qtranxs-available-languages-message-es\">Disculpa, pero esta entrada est\u00e1 disponible s\u00f3lo en <a href=\"https:\/\/old.grupoacre.com.pt\/pt\/wp-json\/wp\/v2\/pages\/294904\" class=\"qtranxs-available-language-link qtranxs-available-language-link-pt\" title=\"Portugu\u00eas\">Portugu\u00eas<\/a>.<\/p><p><\/p>\n<div style=\"max-width: 1100px; margin: 20px auto; font-family: sans-serif;\">\n<table style=\"width: 100%; border-collapse: collapse; border-style: hidden;\">\n<tbody>\n<tr>\n        <!-- Coluna do Conte\u00fado e Formul\u00e1rio (Esquerda) --><\/p>\n<td style=\"width: 55%; vertical-align: top; padding-right: 30px;\">\n<p>          <!-- Evento 1: CENFIC --><\/p>\n<div style=\"margin-bottom: 25px;\">\n<h3 style=\"font-size: 24px; font-family: 'Hexagon Akkurat TT', sans-serif; margin-bottom: 5px;\"><strong>30 de outubro \u2013 CENFIC (Prior Velho)<\/strong><\/h3>\n<p style=\"margin-top: 0;\"><a href=\"https:\/\/maps.app.goo.gl\/nBSrbQgXHY6vsMpV9\" rel=\"noopener noreferrer nofollow\" target=\"_blank\"><u>Sala Audit\u00f3rio do CENFIC (2\u00ba andar)<\/u><\/a> \ud83d\udccd<\/p>\n<p style=\"font-family: 'Hexagon Akkurat TT', sans-serif;\">O Centro de Forma\u00e7\u00e3o Profissional da Ind\u00fastria da Constru\u00e7\u00e3o Civil e Obras P\u00fablicas do Sul (CENFIC) \u00e9 um Centro de Forma\u00e7\u00e3o de refer\u00eancia no nosso pa\u00eds, que j\u00e1 formou muitos t\u00e9cnicos de topografia, e que brevemente poder\u00e1 formar muitos mais.<\/p>\n<\/p><\/div>\n<p>          <!-- Evento 2: CICCOPN --><\/p>\n<div style=\"margin-bottom: 25px;\">\n<h3 style=\"font-size: 24px; font-family: 'Hexagon Akkurat TT', sans-serif; margin-bottom: 5px;\"><strong>06 de novembro \u2013 CICCOPN (Maia)<\/strong><\/h3>\n<p style=\"margin-top: 0;\"><a href=\"https:\/\/maps.app.goo.gl\/mDh5c912Rk6TLhPF7\" rel=\"noopener noreferrer nofollow\" target=\"_blank\"><u>Sala Audit\u00f3rio do CICCOPN<\/u><\/a> \ud83d\udccd<\/p>\n<p style=\"font-family: 'Hexagon Akkurat TT', sans-serif;\">O CICCOPN \u00e9 o Centro de Forma\u00e7\u00e3o Profissional da Ind\u00fastria da Constru\u00e7\u00e3o Civil e Obras P\u00fablicas em Portugal, assumindo um papel central na qualifica\u00e7\u00e3o de jovens, adultos e empresas, oferecendo cursos de Topografia de n\u00edvel 4 e 5.<\/p>\n<\/p><\/div>\n<p>          <!-- Evento 3: Universidade do Algarve --><\/p>\n<div style=\"margin-bottom: 30px;\">\n<h3 style=\"font-size: 24px; font-family: 'Hexagon Akkurat TT', sans-serif; margin-bottom: 5px;\"><strong>13 de novembro \u2013 Universidade do Algarve (Faro)<\/strong><\/h3>\n<p style=\"margin-top: 0;\"><a href=\"https:\/\/maps.app.goo.gl\/RMsfonoGA69ukFCE9\" rel=\"noopener noreferrer nofollow\" target=\"_blank\"><u>Anfiteatro Jos\u00e9 Silvestre, no Instituto Superior de Engenharia<\/u><\/a> \ud83d\udccd<\/p>\n<p style=\"font-family: 'Hexagon Akkurat TT', sans-serif;\">A Universidade do Algarve dispensa apresenta\u00e7\u00f5es e \u00e9 a Academia de refer\u00eancia na regi\u00e3o sul do pa\u00eds, onde chegou a ser lecionado o curso de Engenharia Topogr\u00e1fica.<\/p>\n<\/p><\/div>\n<p>          <!-- Formul\u00e1rio Iframe --><\/p>\n<div>\n<h3 style=\"font-size: 24px; font-family: 'Hexagon Akkurat TT', sans-serif; text-align: center;\">Registe-se aqui<\/h3>\n<p>            <iframe loading=\"lazy\" src=\"https:\/\/www2.grupoacre.com.pt\/l\/885333\/2025-10-23\/2yqr26\" width=\"100%\" height=\"800\" type=\"text\/html\" frameborder=\"0\" allowTransparency=\"true\" style=\"border: 0;\"><\/iframe>\n          <\/div>\n<\/td>\n<p>        <!-- Coluna da Imagem (Direita) --><\/p>\n<td style=\"width: 45%; vertical-align: top;\">\n          <img decoding=\"async\" src=\"https:\/\/st-landing-pages-prod.emailimagecdn.com\/lp\/lV9o8ImB3CYM\/01k6d05yng2xfyvxgt9skw4zm6\/01K6D05YNKR5PC0VK7576HPQFY\/01K6D05YNVQ967WX171GFBEGXD\/elements\/5601?1759225511\" style=\"width: 100%; height: auto; border-radius: 8px;\">\n        <\/td>\n<\/tr>\n<\/tbody>\n<\/table>\n<\/div>\n<section style=\"background-color: #1500FF; color: white; padding: 40px 30px; border-radius: 8px; font-family: sans-serif;\">\n<table style=\"width: 100%; border-style: hidden; border-collapse: collapse;\">\n<tbody>\n<tr>\n        <!-- Coluna Esquerda: Agenda --><\/p>\n<td style=\"width: 50%; vertical-align: top; padding-right: 30px;\">\n<h2 style=\"color: white; font-size: 38px; text-align: center; text-decoration: underline; margin-top: 0;\">AGENDA:<\/h2>\n<div style=\"font-size: 22px; line-height: 1.8;\">\n<p style=\"color: white;\"><strong>&#8211; 14h00 &#8211; Abertura do registo dos participantes<\/strong><\/p>\n<p style=\"color: white;\"><strong>&#8211; 14h30 &#8211; Inicio da apresenta\u00e7\u00e3o \u2013 \u201cLeica TS20 \u2013 BE READY\u201d<\/strong><\/p>\n<p style=\"color: white;\"><strong>&#8211; 15h30 &#8211; Demonstra\u00e7\u00e3o no anfiteatro das novas funcionalidades da TS20<\/strong><\/p>\n<p style=\"color: white;\"><strong>&#8211; 16h30 &#8211; \u201cHands-On\u201d e possibilidade de experimentar a TS20 na primeira pessoa<\/strong><\/p>\n<p style=\"color: white;\"><strong>&#8211; 17h30 &#8211; Encerramento e sorteio de 1 subscri\u00e7\u00e3o anual ilimitada de HxGN Smartnet<\/strong><\/p>\n<\/p><\/div>\n<\/td>\n<p>        <!-- Coluna Direita: Benef\u00edcios --><\/p>\n<td style=\"width: 50%; vertical-align: top; padding-left: 30px; border-left: 1px solid rgba(255, 255, 255, 0.4);\">\n<h2 style=\"color: white; font-size: 32px; text-align: center; margin-top: 0;\"><strong>N\u00e3o perca esta oportunidade!<\/strong><\/h2>\n<div style=\"font-size: 18px;\">\n<p style=\"color: white;\"><strong>\ud83d\udd0d Veja a TS20 em a\u00e7\u00e3o<\/strong><br \/>\n            Seja dos primeiros a ver ao vivo a esta\u00e7\u00e3o total Leica de \u00faltima gera\u00e7\u00e3o, concebida para levar a precis\u00e3o e a efici\u00eancia a novos patamares.<\/p>\n<p style=\"color: white;\">\ud83e\udd1d <strong>Mantenha viva a sua rede de contactos<\/strong><br \/>\n            Partilhe experi\u00eancias e solu\u00e7\u00f5es com especialistas e colegas do mundo da topografia num ambiente ideal para fortalecer a sua rede profissional.<\/p>\n<p style=\"color: white;\">\ud83d\udee0\ufe0f <strong>Aconselhamento t\u00e9cnico no momento<\/strong><br \/>\n            Os nossos especialistas estar\u00e3o dispon\u00edveis para esclarecer todas as suas d\u00favidas e ajudar a perceber como esta nova ferramenta se adapta \u00e0s suas necessidades.<\/p>\n<p style=\"color: white;\"><strong>\ud83d\ude80 Inova\u00e7\u00e3o ao seu alcance<\/strong><br \/>\n            Descubra como esta esta\u00e7\u00e3o total lhe pode poupar tempo, reduzir erros e aumentar a produtividade nos seus projetos.<\/p>\n<p style=\"color: white;\"><strong>Contamos consigo!<\/strong><\/p>\n<\/p><\/div>\n<\/td>\n<\/tr>\n<\/tbody>\n<\/table>\n<\/section>\n<p><\/p>","protected":false},"excerpt":{"rendered":"Disculpa, pero esta entrada est\u00e1 disponible s\u00f3lo en Portugu\u00eas. 30 de outubro \u2013 CENFIC (Prior Velho) Sala Audit\u00f3rio do CENFIC (2\u00ba andar) \ud83d\udccd O Centro de Forma\u00e7\u00e3o Profissional da Ind\u00fastria da Constru\u00e7\u00e3o Civil e Obras P\u00fablicas do Sul (CENFIC) \u00e9 um Centro de Forma\u00e7\u00e3o de refer\u00eancia no nosso pa\u00eds, que j\u00e1 formou muitos t\u00e9cnicos de&#8230;","protected":false},"author":9,"featured_media":0,"parent":0,"menu_order":0,"comment_status":"closed","ping_status":"closed","template":"","meta":{"_acf_changed":false,"footnotes":""},"class_list":["post-294904","page","type-page","status-publish","hentry"],"acf":[],"yoast_head":"<!-- This site is optimized with the Yoast SEO plugin v25.2 - https:\/\/yoast.com\/wordpress\/plugins\/seo\/ -->\n<title>Inscreva-se | Grupo Acre Portugal<\/title>\n<meta name=\"description\" content=\"Participe no Roadshow TS20 e experimente em exclusivo a esta\u00e7\u00e3o total que redefine a topografia. Descubra o futuro e inscreva-se\" \/>\n<meta name=\"robots\" content=\"index, follow, max-snippet:-1, max-image-preview:large, max-video-preview:-1\" \/>\n<link rel=\"canonical\" href=\"https:\/\/old.grupoacre.com.pt\/es\/roadshow-leica-ts20\/\" \/>\n<meta property=\"og:locale\" content=\"es_ES\" \/>\n<meta property=\"og:type\" content=\"article\" \/>\n<meta property=\"og:title\" content=\"Inscreva-se | Grupo Acre Portugal\" \/>\n<meta property=\"og:description\" content=\"Participe no Roadshow TS20 e experimente em exclusivo a esta\u00e7\u00e3o total que redefine a topografia. Descubra o futuro e inscreva-se\" \/>\n<meta property=\"og:url\" content=\"https:\/\/old.grupoacre.com.pt\/es\/roadshow-leica-ts20\/\" \/>\n<meta property=\"og:site_name\" content=\"Grupo Acre Portugal\" \/>\n<meta property=\"article:publisher\" content=\"https:\/\/www.facebook.com\/Acre.Surveying.Solutions\" \/>\n<meta property=\"article:modified_time\" content=\"2025-10-23T14:17:01+00:00\" \/>\n<meta property=\"og:image\" content=\"https:\/\/st-landing-pages-prod.emailimagecdn.com\/lp\/lV9o8ImB3CYM\/01k6d05yng2xfyvxgt9skw4zm6\/01K6D05YNKR5PC0VK7576HPQFY\/01K6D05YNVQ967WX171GFBEGXD\/elements\/5601?1759225511\" \/>\n<meta name=\"twitter:card\" content=\"summary_large_image\" \/>\n<meta name=\"twitter:site\" content=\"@AcreSurveying\" \/>\n<meta name=\"twitter:label1\" content=\"Tiempo de lectura\" \/>\n\t<meta name=\"twitter:data1\" content=\"2 minutos\" \/>\n<script type=\"application\/ld+json\" class=\"yoast-schema-graph\">{\"@context\":\"https:\/\/schema.org\",\"@graph\":[{\"@type\":\"WebPage\",\"@id\":\"https:\/\/old.grupoacre.com.pt\/es\/roadshow-leica-ts20\/\",\"url\":\"https:\/\/old.grupoacre.com.pt\/es\/roadshow-leica-ts20\/\",\"name\":\"Inscreva-se | Grupo Acre Portugal\",\"isPartOf\":{\"@id\":\"https:\/\/old.grupoacre.com.pt\/es\/#website\"},\"primaryImageOfPage\":{\"@id\":\"https:\/\/old.grupoacre.com.pt\/es\/roadshow-leica-ts20\/#primaryimage\"},\"image\":{\"@id\":\"https:\/\/old.grupoacre.com.pt\/es\/roadshow-leica-ts20\/#primaryimage\"},\"thumbnailUrl\":\"https:\/\/st-landing-pages-prod.emailimagecdn.com\/lp\/lV9o8ImB3CYM\/01k6d05yng2xfyvxgt9skw4zm6\/01K6D05YNKR5PC0VK7576HPQFY\/01K6D05YNVQ967WX171GFBEGXD\/elements\/5601?1759225511\",\"datePublished\":\"2025-10-23T09:09:43+00:00\",\"dateModified\":\"2025-10-23T14:17:01+00:00\",\"description\":\"Participe no Roadshow TS20 e experimente em exclusivo a esta\u00e7\u00e3o total que redefine a topografia. Descubra o futuro e inscreva-se\",\"breadcrumb\":{\"@id\":\"https:\/\/old.grupoacre.com.pt\/es\/roadshow-leica-ts20\/#breadcrumb\"},\"inLanguage\":\"es\",\"potentialAction\":[{\"@type\":\"ReadAction\",\"target\":[[\"https:\/\/old.grupoacre.com.pt\/es\/roadshow-leica-ts20\/\"]]}]},{\"@type\":\"ImageObject\",\"inLanguage\":\"es\",\"@id\":\"https:\/\/old.grupoacre.com.pt\/es\/roadshow-leica-ts20\/#primaryimage\",\"url\":\"https:\/\/st-landing-pages-prod.emailimagecdn.com\/lp\/lV9o8ImB3CYM\/01k6d05yng2xfyvxgt9skw4zm6\/01K6D05YNKR5PC0VK7576HPQFY\/01K6D05YNVQ967WX171GFBEGXD\/elements\/5601?1759225511\",\"contentUrl\":\"https:\/\/st-landing-pages-prod.emailimagecdn.com\/lp\/lV9o8ImB3CYM\/01k6d05yng2xfyvxgt9skw4zm6\/01K6D05YNKR5PC0VK7576HPQFY\/01K6D05YNVQ967WX171GFBEGXD\/elements\/5601?1759225511\"},{\"@type\":\"BreadcrumbList\",\"@id\":\"https:\/\/old.grupoacre.com.pt\/es\/roadshow-leica-ts20\/#breadcrumb\",\"itemListElement\":[{\"@type\":\"ListItem\",\"position\":1,\"name\":\"Portada\",\"item\":\"https:\/\/old.grupoacre.com.pt\/es\/\"},{\"@type\":\"ListItem\",\"position\":2,\"name\":\"Inscreva-se\"}]},{\"@type\":\"WebSite\",\"@id\":\"https:\/\/old.grupoacre.com.pt\/es\/#website\",\"url\":\"https:\/\/old.grupoacre.com.pt\/es\/\",\"name\":\"Grupo Acre Portugal\",\"description\":\"Soluciones topogr\u00e1ficas\",\"potentialAction\":[{\"@type\":\"SearchAction\",\"target\":{\"@type\":\"EntryPoint\",\"urlTemplate\":\"https:\/\/old.grupoacre.com.pt\/es\/?s={search_term_string}\"},\"query-input\":{\"@type\":\"PropertyValueSpecification\",\"valueRequired\":true,\"valueName\":\"search_term_string\"}}],\"inLanguage\":\"es\"}]}<\/script>\n<!-- \/ Yoast SEO plugin. -->","yoast_head_json":{"title":"Inscreva-se | Grupo Acre Portugal","description":"Participe no Roadshow TS20 e experimente em exclusivo a esta\u00e7\u00e3o total que redefine a topografia. Descubra o futuro e inscreva-se","robots":{"index":"index","follow":"follow","max-snippet":"max-snippet:-1","max-image-preview":"max-image-preview:large","max-video-preview":"max-video-preview:-1"},"canonical":"https:\/\/old.grupoacre.com.pt\/es\/roadshow-leica-ts20\/","og_locale":"es_ES","og_type":"article","og_title":"Inscreva-se | Grupo Acre Portugal","og_description":"Participe no Roadshow TS20 e experimente em exclusivo a esta\u00e7\u00e3o total que redefine a topografia. Descubra o futuro e inscreva-se","og_url":"https:\/\/old.grupoacre.com.pt\/es\/roadshow-leica-ts20\/","og_site_name":"Grupo Acre Portugal","article_publisher":"https:\/\/www.facebook.com\/Acre.Surveying.Solutions","article_modified_time":"2025-10-23T14:17:01+00:00","og_image":[{"url":"https:\/\/st-landing-pages-prod.emailimagecdn.com\/lp\/lV9o8ImB3CYM\/01k6d05yng2xfyvxgt9skw4zm6\/01K6D05YNKR5PC0VK7576HPQFY\/01K6D05YNVQ967WX171GFBEGXD\/elements\/5601?1759225511","type":"","width":"","height":""}],"twitter_card":"summary_large_image","twitter_site":"@AcreSurveying","twitter_misc":{"Tiempo de lectura":"2 minutos"},"schema":{"@context":"https:\/\/schema.org","@graph":[{"@type":"WebPage","@id":"https:\/\/old.grupoacre.com.pt\/es\/roadshow-leica-ts20\/","url":"https:\/\/old.grupoacre.com.pt\/es\/roadshow-leica-ts20\/","name":"Inscreva-se | Grupo Acre Portugal","isPartOf":{"@id":"https:\/\/old.grupoacre.com.pt\/es\/#website"},"primaryImageOfPage":{"@id":"https:\/\/old.grupoacre.com.pt\/es\/roadshow-leica-ts20\/#primaryimage"},"image":{"@id":"https:\/\/old.grupoacre.com.pt\/es\/roadshow-leica-ts20\/#primaryimage"},"thumbnailUrl":"https:\/\/st-landing-pages-prod.emailimagecdn.com\/lp\/lV9o8ImB3CYM\/01k6d05yng2xfyvxgt9skw4zm6\/01K6D05YNKR5PC0VK7576HPQFY\/01K6D05YNVQ967WX171GFBEGXD\/elements\/5601?1759225511","datePublished":"2025-10-23T09:09:43+00:00","dateModified":"2025-10-23T14:17:01+00:00","description":"Participe no Roadshow TS20 e experimente em exclusivo a esta\u00e7\u00e3o total que redefine a topografia. Descubra o futuro e inscreva-se","breadcrumb":{"@id":"https:\/\/old.grupoacre.com.pt\/es\/roadshow-leica-ts20\/#breadcrumb"},"inLanguage":"es","potentialAction":[{"@type":"ReadAction","target":[["https:\/\/old.grupoacre.com.pt\/es\/roadshow-leica-ts20\/"]]}]},{"@type":"ImageObject","inLanguage":"es","@id":"https:\/\/old.grupoacre.com.pt\/es\/roadshow-leica-ts20\/#primaryimage","url":"https:\/\/st-landing-pages-prod.emailimagecdn.com\/lp\/lV9o8ImB3CYM\/01k6d05yng2xfyvxgt9skw4zm6\/01K6D05YNKR5PC0VK7576HPQFY\/01K6D05YNVQ967WX171GFBEGXD\/elements\/5601?1759225511","contentUrl":"https:\/\/st-landing-pages-prod.emailimagecdn.com\/lp\/lV9o8ImB3CYM\/01k6d05yng2xfyvxgt9skw4zm6\/01K6D05YNKR5PC0VK7576HPQFY\/01K6D05YNVQ967WX171GFBEGXD\/elements\/5601?1759225511"},{"@type":"BreadcrumbList","@id":"https:\/\/old.grupoacre.com.pt\/es\/roadshow-leica-ts20\/#breadcrumb","itemListElement":[{"@type":"ListItem","position":1,"name":"Portada","item":"https:\/\/old.grupoacre.com.pt\/es\/"},{"@type":"ListItem","position":2,"name":"Inscreva-se"}]},{"@type":"WebSite","@id":"https:\/\/old.grupoacre.com.pt\/es\/#website","url":"https:\/\/old.grupoacre.com.pt\/es\/","name":"Grupo Acre Portugal","description":"Soluciones topogr\u00e1ficas","potentialAction":[{"@type":"SearchAction","target":{"@type":"EntryPoint","urlTemplate":"https:\/\/old.grupoacre.com.pt\/es\/?s={search_term_string}"},"query-input":{"@type":"PropertyValueSpecification","valueRequired":true,"valueName":"search_term_string"}}],"inLanguage":"es"}]}},"_links":{"self":[{"href":"https:\/\/old.grupoacre.com.pt\/es\/wp-json\/wp\/v2\/pages\/294904","targetHints":{"allow":["GET"]}}],"collection":[{"href":"https:\/\/old.grupoacre.com.pt\/es\/wp-json\/wp\/v2\/pages"}],"about":[{"href":"https:\/\/old.grupoacre.com.pt\/es\/wp-json\/wp\/v2\/types\/page"}],"author":[{"embeddable":true,"href":"https:\/\/old.grupoacre.com.pt\/es\/wp-json\/wp\/v2\/users\/9"}],"replies":[{"embeddable":true,"href":"https:\/\/old.grupoacre.com.pt\/es\/wp-json\/wp\/v2\/comments?post=294904"}],"version-history":[{"count":21,"href":"https:\/\/old.grupoacre.com.pt\/es\/wp-json\/wp\/v2\/pages\/294904\/revisions"}],"predecessor-version":[{"id":294946,"href":"https:\/\/old.grupoacre.com.pt\/es\/wp-json\/wp\/v2\/pages\/294904\/revisions\/294946"}],"wp:attachment":[{"href":"https:\/\/old.grupoacre.com.pt\/es\/wp-json\/wp\/v2\/media?parent=294904"}],"curies":[{"name":"wp","href":"https:\/\/api.w.org\/{rel}","templated":true}]}}