{"id":260062,"date":"2018-05-03T00:00:00","date_gmt":"2018-05-03T00:00:00","guid":{"rendered":"http:\/\/pt.acre.fullcircle.es\/servicio-tecnico-y-soporte-dji-espana\/"},"modified":"2021-07-18T20:46:21","modified_gmt":"2021-07-18T20:46:21","slug":"servico-tecnico-e-suporte-dji-portugal","status":"publish","type":"page","link":"https:\/\/old.grupoacre.com.pt\/es\/apoio\/servico-tecnico-e-suporte-dji-portugal\/","title":{"rendered":"Servicio t\u00e9cnico y soporte DJI"},"content":{"rendered":"<p>.<\/p>\n","protected":false},"excerpt":{"rendered":".","protected":false},"author":9,"featured_media":260064,"parent":429,"menu_order":0,"comment_status":"open","ping_status":"open","template":"template-sat.php","meta":{"_acf_changed":false,"footnotes":""},"class_list":["post-260062","page","type-page","status-publish","has-post-thumbnail","hentry"],"acf":[],"yoast_head":"<!-- This site is optimized with the Yoast SEO plugin v25.2 - https:\/\/yoast.com\/wordpress\/plugins\/seo\/ -->\n<title>Servicio t\u00e9cnico y soporte DJI  | Grupo Acre Portugal<\/title>\n<meta name=\"description\" content=\"Repara\u00e7\u00e3o, apoio e assist\u00eancia t\u00e9cnica de drones DJI Enterprise. Consulte-nos e receba de imediato resposta a incid\u00eancias. Somos o Servi\u00e7o T\u00e9cnico e Suporte DJI. Conhe\u00e7a agora os planos de manuten\u00e7\u00e3o e os servi\u00e7os de assist\u00eancia para drones.\" \/>\n<meta name=\"robots\" content=\"index, follow, max-snippet:-1, max-image-preview:large, max-video-preview:-1\" \/>\n<link rel=\"canonical\" href=\"https:\/\/old.grupoacre.com.pt\/es\/apoio\/servico-tecnico-e-suporte-dji-portugal\/\" \/>\n<meta property=\"og:locale\" content=\"es_ES\" \/>\n<meta property=\"og:type\" content=\"article\" \/>\n<meta property=\"og:title\" content=\"Servicio t\u00e9cnico y soporte DJI  | Grupo Acre Portugal\" \/>\n<meta property=\"og:description\" content=\"Repara\u00e7\u00e3o, apoio e assist\u00eancia t\u00e9cnica de drones DJI Enterprise. Consulte-nos e receba de imediato resposta a incid\u00eancias. Somos o Servi\u00e7o T\u00e9cnico e Suporte DJI. Conhe\u00e7a agora os planos de manuten\u00e7\u00e3o e os servi\u00e7os de assist\u00eancia para drones.\" \/>\n<meta property=\"og:url\" content=\"https:\/\/old.grupoacre.com.pt\/es\/apoio\/servico-tecnico-e-suporte-dji-portugal\/\" \/>\n<meta property=\"og:site_name\" content=\"Grupo Acre Portugal\" \/>\n<meta property=\"article:publisher\" content=\"https:\/\/www.facebook.com\/Acre.Surveying.Solutions\" \/>\n<meta property=\"article:modified_time\" content=\"2021-07-18T20:46:21+00:00\" \/>\n<meta property=\"og:image\" content=\"https:\/\/old.grupoacre.com.pt\/wp-content\/uploads\/sites\/7\/2018\/08\/servicio-tecnico-soporte-dji-espana-madrid.jpg\" \/>\n\t<meta property=\"og:image:width\" content=\"1400\" \/>\n\t<meta property=\"og:image:height\" content=\"400\" \/>\n\t<meta property=\"og:image:type\" content=\"image\/jpeg\" \/>\n<meta name=\"twitter:card\" content=\"summary_large_image\" \/>\n<meta name=\"twitter:site\" content=\"@AcreSurveying\" \/>\n<script type=\"application\/ld+json\" class=\"yoast-schema-graph\">{\"@context\":\"https:\/\/schema.org\",\"@graph\":[{\"@type\":\"WebPage\",\"@id\":\"https:\/\/old.grupoacre.com.pt\/es\/apoio\/servico-tecnico-e-suporte-dji-portugal\/\",\"url\":\"https:\/\/old.grupoacre.com.pt\/es\/apoio\/servico-tecnico-e-suporte-dji-portugal\/\",\"name\":\"Servicio t\u00e9cnico y soporte DJI  | Grupo Acre Portugal\",\"isPartOf\":{\"@id\":\"https:\/\/old.grupoacre.com.pt\/es\/#website\"},\"primaryImageOfPage\":{\"@id\":\"https:\/\/old.grupoacre.com.pt\/es\/apoio\/servico-tecnico-e-suporte-dji-portugal\/#primaryimage\"},\"image\":{\"@id\":\"https:\/\/old.grupoacre.com.pt\/es\/apoio\/servico-tecnico-e-suporte-dji-portugal\/#primaryimage\"},\"thumbnailUrl\":\"https:\/\/old.grupoacre.com.pt\/wp-content\/uploads\/sites\/7\/2018\/08\/servicio-tecnico-soporte-dji-espana-madrid.jpg\",\"datePublished\":\"2018-05-03T00:00:00+00:00\",\"dateModified\":\"2021-07-18T20:46:21+00:00\",\"description\":\"Repara\u00e7\u00e3o, apoio e assist\u00eancia t\u00e9cnica de drones DJI Enterprise. Consulte-nos e receba de imediato resposta a incid\u00eancias. Somos o Servi\u00e7o T\u00e9cnico e Suporte DJI. Conhe\u00e7a agora os planos de manuten\u00e7\u00e3o e os servi\u00e7os de assist\u00eancia para drones.\",\"breadcrumb\":{\"@id\":\"https:\/\/old.grupoacre.com.pt\/es\/apoio\/servico-tecnico-e-suporte-dji-portugal\/#breadcrumb\"},\"inLanguage\":\"es\",\"potentialAction\":[{\"@type\":\"ReadAction\",\"target\":[[\"https:\/\/old.grupoacre.com.pt\/es\/apoio\/servico-tecnico-e-suporte-dji-portugal\/\"]]}]},{\"@type\":\"ImageObject\",\"inLanguage\":\"es\",\"@id\":\"https:\/\/old.grupoacre.com.pt\/es\/apoio\/servico-tecnico-e-suporte-dji-portugal\/#primaryimage\",\"url\":\"https:\/\/old.grupoacre.com.pt\/wp-content\/uploads\/sites\/7\/2018\/08\/servicio-tecnico-soporte-dji-espana-madrid.jpg\",\"contentUrl\":\"https:\/\/old.grupoacre.com.pt\/wp-content\/uploads\/sites\/7\/2018\/08\/servicio-tecnico-soporte-dji-espana-madrid.jpg\",\"width\":1400,\"height\":400,\"caption\":\"Servicio t\u00e9cnico y soporte DJI Espa\u00f1a\"},{\"@type\":\"BreadcrumbList\",\"@id\":\"https:\/\/old.grupoacre.com.pt\/es\/apoio\/servico-tecnico-e-suporte-dji-portugal\/#breadcrumb\",\"itemListElement\":[{\"@type\":\"ListItem\",\"position\":1,\"name\":\"Portada\",\"item\":\"https:\/\/old.grupoacre.com.pt\/es\/\"},{\"@type\":\"ListItem\",\"position\":2,\"name\":\"Soporte\",\"item\":\"https:\/\/old.grupoacre.com.pt\/es\/apoio\/\"},{\"@type\":\"ListItem\",\"position\":3,\"name\":\"Servicio t\u00e9cnico y soporte DJI\"}]},{\"@type\":\"WebSite\",\"@id\":\"https:\/\/old.grupoacre.com.pt\/es\/#website\",\"url\":\"https:\/\/old.grupoacre.com.pt\/es\/\",\"name\":\"Grupo Acre Portugal\",\"description\":\"Soluciones topogr\u00e1ficas\",\"potentialAction\":[{\"@type\":\"SearchAction\",\"target\":{\"@type\":\"EntryPoint\",\"urlTemplate\":\"https:\/\/old.grupoacre.com.pt\/es\/?s={search_term_string}\"},\"query-input\":{\"@type\":\"PropertyValueSpecification\",\"valueRequired\":true,\"valueName\":\"search_term_string\"}}],\"inLanguage\":\"es\"}]}<\/script>\n<!-- \/ Yoast SEO plugin. -->","yoast_head_json":{"title":"Servicio t\u00e9cnico y soporte DJI  | Grupo Acre Portugal","description":"Repara\u00e7\u00e3o, apoio e assist\u00eancia t\u00e9cnica de drones DJI Enterprise. Consulte-nos e receba de imediato resposta a incid\u00eancias. Somos o Servi\u00e7o T\u00e9cnico e Suporte DJI. Conhe\u00e7a agora os planos de manuten\u00e7\u00e3o e os servi\u00e7os de assist\u00eancia para drones.","robots":{"index":"index","follow":"follow","max-snippet":"max-snippet:-1","max-image-preview":"max-image-preview:large","max-video-preview":"max-video-preview:-1"},"canonical":"https:\/\/old.grupoacre.com.pt\/es\/apoio\/servico-tecnico-e-suporte-dji-portugal\/","og_locale":"es_ES","og_type":"article","og_title":"Servicio t\u00e9cnico y soporte DJI  | Grupo Acre Portugal","og_description":"Repara\u00e7\u00e3o, apoio e assist\u00eancia t\u00e9cnica de drones DJI Enterprise. Consulte-nos e receba de imediato resposta a incid\u00eancias. Somos o Servi\u00e7o T\u00e9cnico e Suporte DJI. Conhe\u00e7a agora os planos de manuten\u00e7\u00e3o e os servi\u00e7os de assist\u00eancia para drones.","og_url":"https:\/\/old.grupoacre.com.pt\/es\/apoio\/servico-tecnico-e-suporte-dji-portugal\/","og_site_name":"Grupo Acre Portugal","article_publisher":"https:\/\/www.facebook.com\/Acre.Surveying.Solutions","article_modified_time":"2021-07-18T20:46:21+00:00","og_image":[{"width":1400,"height":400,"url":"https:\/\/old.grupoacre.com.pt\/wp-content\/uploads\/sites\/7\/2018\/08\/servicio-tecnico-soporte-dji-espana-madrid.jpg","type":"image\/jpeg"}],"twitter_card":"summary_large_image","twitter_site":"@AcreSurveying","schema":{"@context":"https:\/\/schema.org","@graph":[{"@type":"WebPage","@id":"https:\/\/old.grupoacre.com.pt\/es\/apoio\/servico-tecnico-e-suporte-dji-portugal\/","url":"https:\/\/old.grupoacre.com.pt\/es\/apoio\/servico-tecnico-e-suporte-dji-portugal\/","name":"Servicio t\u00e9cnico y soporte DJI  | Grupo Acre Portugal","isPartOf":{"@id":"https:\/\/old.grupoacre.com.pt\/es\/#website"},"primaryImageOfPage":{"@id":"https:\/\/old.grupoacre.com.pt\/es\/apoio\/servico-tecnico-e-suporte-dji-portugal\/#primaryimage"},"image":{"@id":"https:\/\/old.grupoacre.com.pt\/es\/apoio\/servico-tecnico-e-suporte-dji-portugal\/#primaryimage"},"thumbnailUrl":"https:\/\/old.grupoacre.com.pt\/wp-content\/uploads\/sites\/7\/2018\/08\/servicio-tecnico-soporte-dji-espana-madrid.jpg","datePublished":"2018-05-03T00:00:00+00:00","dateModified":"2021-07-18T20:46:21+00:00","description":"Repara\u00e7\u00e3o, apoio e assist\u00eancia t\u00e9cnica de drones DJI Enterprise. Consulte-nos e receba de imediato resposta a incid\u00eancias. Somos o Servi\u00e7o T\u00e9cnico e Suporte DJI. Conhe\u00e7a agora os planos de manuten\u00e7\u00e3o e os servi\u00e7os de assist\u00eancia para drones.","breadcrumb":{"@id":"https:\/\/old.grupoacre.com.pt\/es\/apoio\/servico-tecnico-e-suporte-dji-portugal\/#breadcrumb"},"inLanguage":"es","potentialAction":[{"@type":"ReadAction","target":[["https:\/\/old.grupoacre.com.pt\/es\/apoio\/servico-tecnico-e-suporte-dji-portugal\/"]]}]},{"@type":"ImageObject","inLanguage":"es","@id":"https:\/\/old.grupoacre.com.pt\/es\/apoio\/servico-tecnico-e-suporte-dji-portugal\/#primaryimage","url":"https:\/\/old.grupoacre.com.pt\/wp-content\/uploads\/sites\/7\/2018\/08\/servicio-tecnico-soporte-dji-espana-madrid.jpg","contentUrl":"https:\/\/old.grupoacre.com.pt\/wp-content\/uploads\/sites\/7\/2018\/08\/servicio-tecnico-soporte-dji-espana-madrid.jpg","width":1400,"height":400,"caption":"Servicio t\u00e9cnico y soporte DJI Espa\u00f1a"},{"@type":"BreadcrumbList","@id":"https:\/\/old.grupoacre.com.pt\/es\/apoio\/servico-tecnico-e-suporte-dji-portugal\/#breadcrumb","itemListElement":[{"@type":"ListItem","position":1,"name":"Portada","item":"https:\/\/old.grupoacre.com.pt\/es\/"},{"@type":"ListItem","position":2,"name":"Soporte","item":"https:\/\/old.grupoacre.com.pt\/es\/apoio\/"},{"@type":"ListItem","position":3,"name":"Servicio t\u00e9cnico y soporte DJI"}]},{"@type":"WebSite","@id":"https:\/\/old.grupoacre.com.pt\/es\/#website","url":"https:\/\/old.grupoacre.com.pt\/es\/","name":"Grupo Acre Portugal","description":"Soluciones topogr\u00e1ficas","potentialAction":[{"@type":"SearchAction","target":{"@type":"EntryPoint","urlTemplate":"https:\/\/old.grupoacre.com.pt\/es\/?s={search_term_string}"},"query-input":{"@type":"PropertyValueSpecification","valueRequired":true,"valueName":"search_term_string"}}],"inLanguage":"es"}]}},"_links":{"self":[{"href":"https:\/\/old.grupoacre.com.pt\/es\/wp-json\/wp\/v2\/pages\/260062","targetHints":{"allow":["GET"]}}],"collection":[{"href":"https:\/\/old.grupoacre.com.pt\/es\/wp-json\/wp\/v2\/pages"}],"about":[{"href":"https:\/\/old.grupoacre.com.pt\/es\/wp-json\/wp\/v2\/types\/page"}],"author":[{"embeddable":true,"href":"https:\/\/old.grupoacre.com.pt\/es\/wp-json\/wp\/v2\/users\/9"}],"replies":[{"embeddable":true,"href":"https:\/\/old.grupoacre.com.pt\/es\/wp-json\/wp\/v2\/comments?post=260062"}],"version-history":[{"count":5,"href":"https:\/\/old.grupoacre.com.pt\/es\/wp-json\/wp\/v2\/pages\/260062\/revisions"}],"predecessor-version":[{"id":273852,"href":"https:\/\/old.grupoacre.com.pt\/es\/wp-json\/wp\/v2\/pages\/260062\/revisions\/273852"}],"up":[{"embeddable":true,"href":"https:\/\/old.grupoacre.com.pt\/es\/wp-json\/wp\/v2\/pages\/429"}],"wp:featuredmedia":[{"embeddable":true,"href":"https:\/\/old.grupoacre.com.pt\/es\/wp-json\/wp\/v2\/media\/260064"}],"wp:attachment":[{"href":"https:\/\/old.grupoacre.com.pt\/es\/wp-json\/wp\/v2\/media?parent=260062"}],"curies":[{"name":"wp","href":"https:\/\/api.w.org\/{rel}","templated":true}]}}