{"id":140,"date":"2017-02-17T12:05:48","date_gmt":"2017-02-17T12:05:48","guid":{"rendered":"http:\/\/es.acre.fullcircle.es\/?page_id=140"},"modified":"2023-12-20T08:59:46","modified_gmt":"2023-12-20T08:59:46","slug":"equipamento-em-aluguer","status":"publish","type":"page","link":"https:\/\/old.grupoacre.com.pt\/es\/equipamento-em-aluguer\/","title":{"rendered":"Aluguer de equipamento de topografia"},"content":{"rendered":"<p>No Grupo ACRE fornecemos servi\u00e7os de <strong>aluguer de equipamentos e instrumentos topogr\u00e1ficos<\/strong> de precis\u00e3o da marca <a href=\"https:\/\/grupoacre.es\/catalogo-marca\/leica-geosystems\/\"><strong>Leica Geosystems<\/strong><\/a> com pre\u00e7o e qualidade sem concorr\u00eancia no mercado.<\/p>\n<p class=\"p1\"><span class=\"s1\">Perfeito para quem procura um <strong>aluguer de esta\u00e7\u00e3o total<\/strong>, multi-esta\u00e7\u00e3o total, n\u00edvel de laser, n\u00edvel \u00f3ptico e digital, mira \u00cdnvar, scanner a laser ou mapeamento m\u00f3vel, GPS topogr\u00e1fico, carros e regras de ferrovias ou software topogr\u00e1fico.<\/span><\/p>\n<p><\/p>","protected":false},"excerpt":{"rendered":"No Grupo ACRE fornecemos servi\u00e7os de aluguer de equipamentos e instrumentos topogr\u00e1ficos de precis\u00e3o da marca Leica Geosystems com pre\u00e7o e qualidade sem concorr\u00eancia no mercado. Perfeito para quem procura um aluguer de esta\u00e7\u00e3o total, multi-esta\u00e7\u00e3o total, n\u00edvel de laser, n\u00edvel \u00f3ptico e digital, mira \u00cdnvar, scanner a laser ou mapeamento m\u00f3vel, GPS topogr\u00e1fico, carros&#8230;","protected":false},"author":1,"featured_media":598,"parent":0,"menu_order":4,"comment_status":"closed","ping_status":"closed","template":"template-rent.php","meta":{"_acf_changed":false,"footnotes":""},"class_list":["post-140","page","type-page","status-publish","has-post-thumbnail","hentry"],"acf":[],"yoast_head":"<!-- This site is optimized with the Yoast SEO plugin v25.2 - https:\/\/yoast.com\/wordpress\/plugins\/seo\/ -->\n<title>Aluguer de equipamentos de topografia - Leica Geosystems | Grupo Acre<\/title>\n<meta name=\"description\" content=\"Descubra os nossos produtos para aluguer. O melhor equipamento de levantamento da marca Leica Geosystems. Solicite informa\u00e7\u00f5es sem compromisso!\" \/>\n<meta name=\"robots\" content=\"index, follow, max-snippet:-1, max-image-preview:large, max-video-preview:-1\" \/>\n<link rel=\"canonical\" href=\"https:\/\/old.grupoacre.com.pt\/es\/equipamento-em-aluguer\/\" \/>\n<meta property=\"og:locale\" content=\"es_ES\" \/>\n<meta property=\"og:type\" content=\"article\" \/>\n<meta property=\"og:title\" content=\"Aluguer de equipamentos de topografia - Leica Geosystems | Grupo Acre\" \/>\n<meta property=\"og:description\" content=\"Descubra os nossos produtos para aluguer. O melhor equipamento de levantamento da marca Leica Geosystems. Solicite informa\u00e7\u00f5es sem compromisso!\" \/>\n<meta property=\"og:url\" content=\"https:\/\/old.grupoacre.com.pt\/es\/equipamento-em-aluguer\/\" \/>\n<meta property=\"og:site_name\" content=\"Grupo Acre Portugal\" \/>\n<meta property=\"article:publisher\" content=\"https:\/\/www.facebook.com\/Acre.Surveying.Solutions\" \/>\n<meta property=\"article:modified_time\" content=\"2023-12-20T08:59:46+00:00\" \/>\n<meta property=\"og:image\" content=\"https:\/\/old.grupoacre.com.pt\/wp-content\/uploads\/sites\/7\/2017\/02\/alquiler_04.jpg\" \/>\n\t<meta property=\"og:image:width\" content=\"1600\" \/>\n\t<meta property=\"og:image:height\" content=\"400\" \/>\n\t<meta property=\"og:image:type\" content=\"image\/jpeg\" \/>\n<meta name=\"twitter:card\" content=\"summary_large_image\" \/>\n<meta name=\"twitter:site\" content=\"@AcreSurveying\" \/>\n<meta name=\"twitter:label1\" content=\"Tiempo de lectura\" \/>\n\t<meta name=\"twitter:data1\" content=\"1 minuto\" \/>\n<script type=\"application\/ld+json\" class=\"yoast-schema-graph\">{\"@context\":\"https:\/\/schema.org\",\"@graph\":[{\"@type\":\"WebPage\",\"@id\":\"https:\/\/old.grupoacre.com.pt\/es\/equipamento-em-aluguer\/\",\"url\":\"https:\/\/old.grupoacre.com.pt\/es\/equipamento-em-aluguer\/\",\"name\":\"Aluguer de equipamentos de topografia - Leica Geosystems | Grupo Acre\",\"isPartOf\":{\"@id\":\"https:\/\/old.grupoacre.com.pt\/es\/#website\"},\"primaryImageOfPage\":{\"@id\":\"https:\/\/old.grupoacre.com.pt\/es\/equipamento-em-aluguer\/#primaryimage\"},\"image\":{\"@id\":\"https:\/\/old.grupoacre.com.pt\/es\/equipamento-em-aluguer\/#primaryimage\"},\"thumbnailUrl\":\"https:\/\/old.grupoacre.com.pt\/wp-content\/uploads\/sites\/7\/2017\/02\/alquiler_04.jpg\",\"datePublished\":\"2017-02-17T12:05:48+00:00\",\"dateModified\":\"2023-12-20T08:59:46+00:00\",\"description\":\"Descubra os nossos produtos para aluguer. O melhor equipamento de levantamento da marca Leica Geosystems. Solicite informa\u00e7\u00f5es sem compromisso!\",\"breadcrumb\":{\"@id\":\"https:\/\/old.grupoacre.com.pt\/es\/equipamento-em-aluguer\/#breadcrumb\"},\"inLanguage\":\"es\",\"potentialAction\":[{\"@type\":\"ReadAction\",\"target\":[[\"https:\/\/old.grupoacre.com.pt\/es\/equipamento-em-aluguer\/\"]]}]},{\"@type\":\"ImageObject\",\"inLanguage\":\"es\",\"@id\":\"https:\/\/old.grupoacre.com.pt\/es\/equipamento-em-aluguer\/#primaryimage\",\"url\":\"https:\/\/old.grupoacre.com.pt\/wp-content\/uploads\/sites\/7\/2017\/02\/alquiler_04.jpg\",\"contentUrl\":\"https:\/\/old.grupoacre.com.pt\/wp-content\/uploads\/sites\/7\/2017\/02\/alquiler_04.jpg\",\"width\":1600,\"height\":400,\"caption\":\"Alquiler\"},{\"@type\":\"BreadcrumbList\",\"@id\":\"https:\/\/old.grupoacre.com.pt\/es\/equipamento-em-aluguer\/#breadcrumb\",\"itemListElement\":[{\"@type\":\"ListItem\",\"position\":1,\"name\":\"Portada\",\"item\":\"https:\/\/old.grupoacre.com.pt\/es\/\"},{\"@type\":\"ListItem\",\"position\":2,\"name\":\"Aluguer de equipamento de topografia\"}]},{\"@type\":\"WebSite\",\"@id\":\"https:\/\/old.grupoacre.com.pt\/es\/#website\",\"url\":\"https:\/\/old.grupoacre.com.pt\/es\/\",\"name\":\"Grupo Acre Portugal\",\"description\":\"Soluciones topogr\u00e1ficas\",\"potentialAction\":[{\"@type\":\"SearchAction\",\"target\":{\"@type\":\"EntryPoint\",\"urlTemplate\":\"https:\/\/old.grupoacre.com.pt\/es\/?s={search_term_string}\"},\"query-input\":{\"@type\":\"PropertyValueSpecification\",\"valueRequired\":true,\"valueName\":\"search_term_string\"}}],\"inLanguage\":\"es\"}]}<\/script>\n<!-- \/ Yoast SEO plugin. -->","yoast_head_json":{"title":"Aluguer de equipamentos de topografia - Leica Geosystems | Grupo Acre","description":"Descubra os nossos produtos para aluguer. O melhor equipamento de levantamento da marca Leica Geosystems. Solicite informa\u00e7\u00f5es sem compromisso!","robots":{"index":"index","follow":"follow","max-snippet":"max-snippet:-1","max-image-preview":"max-image-preview:large","max-video-preview":"max-video-preview:-1"},"canonical":"https:\/\/old.grupoacre.com.pt\/es\/equipamento-em-aluguer\/","og_locale":"es_ES","og_type":"article","og_title":"Aluguer de equipamentos de topografia - Leica Geosystems | Grupo Acre","og_description":"Descubra os nossos produtos para aluguer. O melhor equipamento de levantamento da marca Leica Geosystems. Solicite informa\u00e7\u00f5es sem compromisso!","og_url":"https:\/\/old.grupoacre.com.pt\/es\/equipamento-em-aluguer\/","og_site_name":"Grupo Acre Portugal","article_publisher":"https:\/\/www.facebook.com\/Acre.Surveying.Solutions","article_modified_time":"2023-12-20T08:59:46+00:00","og_image":[{"width":1600,"height":400,"url":"https:\/\/old.grupoacre.com.pt\/wp-content\/uploads\/sites\/7\/2017\/02\/alquiler_04.jpg","type":"image\/jpeg"}],"twitter_card":"summary_large_image","twitter_site":"@AcreSurveying","twitter_misc":{"Tiempo de lectura":"1 minuto"},"schema":{"@context":"https:\/\/schema.org","@graph":[{"@type":"WebPage","@id":"https:\/\/old.grupoacre.com.pt\/es\/equipamento-em-aluguer\/","url":"https:\/\/old.grupoacre.com.pt\/es\/equipamento-em-aluguer\/","name":"Aluguer de equipamentos de topografia - Leica Geosystems | Grupo Acre","isPartOf":{"@id":"https:\/\/old.grupoacre.com.pt\/es\/#website"},"primaryImageOfPage":{"@id":"https:\/\/old.grupoacre.com.pt\/es\/equipamento-em-aluguer\/#primaryimage"},"image":{"@id":"https:\/\/old.grupoacre.com.pt\/es\/equipamento-em-aluguer\/#primaryimage"},"thumbnailUrl":"https:\/\/old.grupoacre.com.pt\/wp-content\/uploads\/sites\/7\/2017\/02\/alquiler_04.jpg","datePublished":"2017-02-17T12:05:48+00:00","dateModified":"2023-12-20T08:59:46+00:00","description":"Descubra os nossos produtos para aluguer. O melhor equipamento de levantamento da marca Leica Geosystems. Solicite informa\u00e7\u00f5es sem compromisso!","breadcrumb":{"@id":"https:\/\/old.grupoacre.com.pt\/es\/equipamento-em-aluguer\/#breadcrumb"},"inLanguage":"es","potentialAction":[{"@type":"ReadAction","target":[["https:\/\/old.grupoacre.com.pt\/es\/equipamento-em-aluguer\/"]]}]},{"@type":"ImageObject","inLanguage":"es","@id":"https:\/\/old.grupoacre.com.pt\/es\/equipamento-em-aluguer\/#primaryimage","url":"https:\/\/old.grupoacre.com.pt\/wp-content\/uploads\/sites\/7\/2017\/02\/alquiler_04.jpg","contentUrl":"https:\/\/old.grupoacre.com.pt\/wp-content\/uploads\/sites\/7\/2017\/02\/alquiler_04.jpg","width":1600,"height":400,"caption":"Alquiler"},{"@type":"BreadcrumbList","@id":"https:\/\/old.grupoacre.com.pt\/es\/equipamento-em-aluguer\/#breadcrumb","itemListElement":[{"@type":"ListItem","position":1,"name":"Portada","item":"https:\/\/old.grupoacre.com.pt\/es\/"},{"@type":"ListItem","position":2,"name":"Aluguer de equipamento de topografia"}]},{"@type":"WebSite","@id":"https:\/\/old.grupoacre.com.pt\/es\/#website","url":"https:\/\/old.grupoacre.com.pt\/es\/","name":"Grupo Acre Portugal","description":"Soluciones topogr\u00e1ficas","potentialAction":[{"@type":"SearchAction","target":{"@type":"EntryPoint","urlTemplate":"https:\/\/old.grupoacre.com.pt\/es\/?s={search_term_string}"},"query-input":{"@type":"PropertyValueSpecification","valueRequired":true,"valueName":"search_term_string"}}],"inLanguage":"es"}]}},"_links":{"self":[{"href":"https:\/\/old.grupoacre.com.pt\/es\/wp-json\/wp\/v2\/pages\/140","targetHints":{"allow":["GET"]}}],"collection":[{"href":"https:\/\/old.grupoacre.com.pt\/es\/wp-json\/wp\/v2\/pages"}],"about":[{"href":"https:\/\/old.grupoacre.com.pt\/es\/wp-json\/wp\/v2\/types\/page"}],"author":[{"embeddable":true,"href":"https:\/\/old.grupoacre.com.pt\/es\/wp-json\/wp\/v2\/users\/1"}],"replies":[{"embeddable":true,"href":"https:\/\/old.grupoacre.com.pt\/es\/wp-json\/wp\/v2\/comments?post=140"}],"version-history":[{"count":7,"href":"https:\/\/old.grupoacre.com.pt\/es\/wp-json\/wp\/v2\/pages\/140\/revisions"}],"predecessor-version":[{"id":284048,"href":"https:\/\/old.grupoacre.com.pt\/es\/wp-json\/wp\/v2\/pages\/140\/revisions\/284048"}],"wp:featuredmedia":[{"embeddable":true,"href":"https:\/\/old.grupoacre.com.pt\/es\/wp-json\/wp\/v2\/media\/598"}],"wp:attachment":[{"href":"https:\/\/old.grupoacre.com.pt\/es\/wp-json\/wp\/v2\/media?parent=140"}],"curies":[{"name":"wp","href":"https:\/\/api.w.org\/{rel}","templated":true}]}}