{"id":1321,"date":"2017-03-29T09:13:16","date_gmt":"2017-03-29T09:13:16","guid":{"rendered":"http:\/\/es.acre.fullcircle.es\/?page_id=1321"},"modified":"2018-08-14T11:52:12","modified_gmt":"2018-08-14T11:52:12","slug":"politica-de-accesibilidade","status":"publish","type":"page","link":"https:\/\/old.grupoacre.com.pt\/es\/politica-de-accesibilidade\/","title":{"rendered":"Pol\u00edtica de accesibilidad"},"content":{"rendered":"<p>Esta pol\u00edtica de accesibilidad establece la informaci\u00f3n que detalla la disponibilidad del sitio web deACRE Soluciones Topogr\u00e1ficas Alquiler y Venta S.L (\u201c<strong>ACRE<\/strong>\u201d) en el dominio &lt;grupoacre.es&gt; (el \u201c<strong>sitio web de ACRE<\/strong>\u201d) para usuarios con necesidades diferentes. La pol\u00edtica de accesibilidad cubre los objetivos y el enfoque relativo a la accesibilidad, las funciones principales que un usuario del sitio web de ACRE\u00a0debe ser capaz de realizar y qu\u00e9 est\u00e1 haciendo ACRE\u00a0para mejorar la accesibilidad al sitio web de ACRE.<\/p>\n<p><strong>Introducci\u00f3n<\/strong><\/p>\n<p>ACRE\u00a0reconoce que muchas formas de discapacidad diferentes afectan al acceso al sitio web de ACRE. Se ha adoptado un enfoque proactivo para mejorar el sitio web de FRV y los servicios ofrecidos a trav\u00e9s del mismo.<\/p>\n<p>ACRE\u00a0tiene como objetivo para el sitio web de ACRE\u00a0satisfacer las necesidades de los usuarios con discapacidades y ofrecer servicios e informaci\u00f3n accesible. ACRE\u00a0realiza esfuerzos para avanzar en el cumplimiento de los est\u00e1ndares Web Content Accessibility Guidelines 1.0 AA (Pautas de accesibilidad para el contenido web 1.0 AA) del World Wide Web Consortium (WC3). ACRE\u00a0busca proporcionar una buena experiencia a los usuarios del sitio web de ACRE\u00a0con necesidades especiales.<\/p>\n<p><strong>Enfoque<\/strong><\/p>\n<p>El enfoque de ACRE\u00a0de cara a la accesibilidad es el de intentar hacer que el sitio y los servicios de ACRE\u00a0sean f\u00e1ciles de usar y entendibles para todos los usuarios, incluida la personalizaci\u00f3n de dispositivos inform\u00e1ticos. Se reconoce que no solo la gente con discapacidad est\u00e1 afectada con problemas de accesibilidad. Las p\u00e1ginas del sitio web de ACRE\u00a0pretenden ser claras y tener un contenido sencillo de entender.<\/p>\n<p><strong>Uso del sitio web de\u00a0ACRE<\/strong><\/p>\n<p>El sitio web de ACRE\u00a0ha sido desarrollado de modo que todos los t\u00edtulos, enlaces y otros contenidos de textos sean totalmente compatibles con HTML\u00a05. Esto permite que los lectores de texto puedan leer el texto y los navegadores compatibles con HTML\u00a05 puedan ajustar las fuentes. El sitio web de ACRE\u00a0responde a los cambios de factor de forma y tama\u00f1o de la fuente asumiendo un uso razonable.<\/p>\n<p>El sitio web de ACRE\u00a0incluye lo siguiente:<\/p>\n<ul>\n<li>un mapa del sitio.<\/li>\n<li>datos de contacto con ACRE.<\/li>\n<li>datos de contacto para que los usuarios puedan dar su opini\u00f3n sobre las formas de mejorar la accesibilidad del sitio web de ACRE.<\/li>\n<\/ul>\n<p><strong>Participaci\u00f3n de los clientes<\/strong><\/p>\n<p>ACRE\u00a0agradece la opini\u00f3n de los usuarios del sitio web de ACRE\u00a0con necesidades especiales. ACRE\u00a0buscar\u00e1 en el futuro involucrar, de la manera que sea adecuada, a estos usuarios en el desarrollo y pruebas de nuevos servicios y contenido.<\/p>\n<p><strong>Soluciones alternativas<\/strong><\/p>\n<p>ACRE\u00a0puede ofrecer un formato o una soluci\u00f3n alternativa para los problemas de accesibilidad encontrados por los usuarios del sitio web de ACRE. P\u00f3ngase en contacto con ACRE\u00a0utilizando la siguiente informaci\u00f3n de contacto:<\/p>\n<p><strong>Cumplimiento de est\u00e1ndares<\/strong><\/p>\n<p>Si bien en la actualidad el sitio web de ACRE\u00a0no cumple plenamente con las normas en todas las \u00e1reas, la aspiraci\u00f3n de ACRE\u00a0es ser compatible con las Web Content Accessibility Guidelines 1.0, nivel AA, del Worldwide Web Consortiums (W3C) y garantizar que se mantienen estos est\u00e1ndares una vez se han alcanzado. El objetivo es alcanzar este est\u00e1ndar de accesibilidad garantizando que el contenido del sitio web de ACRE\u00a0se presenta de forma clara y est\u00e1 escrito de una manera que ACRE\u00a0considera f\u00e1cil de entender y seguir.<\/p>\n<p><strong>Contactos<\/strong><\/p>\n<p>Si tiene cualquier pregunta o quiere dar su opini\u00f3n sobre la accesibilidad del sitio web de ACRE\u00a0o si tiene alguna dificultad al usar el mismo, p\u00f3ngase en contacto con ACRE\u00a0a trav\u00e9s de\u00a0<a href=\"mailto:grupoacre@grupoacre.com\" target=\"_blank\" rel=\"noopener\">grupoacre@grupoacre.com<\/a>\u00a0y detalle su consulta.<\/p>\n<p>&nbsp;<\/p>","protected":false},"excerpt":{"rendered":"Esta pol\u00edtica de accesibilidad establece la informaci\u00f3n que detalla la disponibilidad del sitio web deACRE Soluciones Topogr\u00e1ficas Alquiler y Venta S.L (\u201cACRE\u201d) en el dominio &lt;grupoacre.es&gt; (el \u201csitio web de ACRE\u201d) para usuarios con necesidades diferentes. La pol\u00edtica de accesibilidad cubre los objetivos y el enfoque relativo a la accesibilidad, las funciones principales que un&#8230;","protected":false},"author":3,"featured_media":0,"parent":0,"menu_order":0,"comment_status":"closed","ping_status":"closed","template":"","meta":{"_acf_changed":false,"footnotes":""},"class_list":["post-1321","page","type-page","status-publish","hentry"],"acf":[],"yoast_head":"<!-- This site is optimized with the Yoast SEO plugin v25.2 - https:\/\/yoast.com\/wordpress\/plugins\/seo\/ -->\n<title>Pol\u00edtica de accesibilidad | Grupo Acre Portugal<\/title>\n<meta name=\"description\" content=\"A pol\u00edtica de acessibilidade abrange os objetivos e a abordagem relacionada \u00e0 acessibilidade.\" \/>\n<meta name=\"robots\" content=\"noindex, nofollow\" \/>\n<meta property=\"og:locale\" content=\"es_ES\" \/>\n<meta property=\"og:type\" content=\"article\" \/>\n<meta property=\"og:title\" content=\"Pol\u00edtica de accesibilidad | Grupo Acre Portugal\" \/>\n<meta property=\"og:description\" content=\"A pol\u00edtica de acessibilidade abrange os objetivos e a abordagem relacionada \u00e0 acessibilidade.\" \/>\n<meta property=\"og:url\" content=\"https:\/\/old.grupoacre.com.pt\/es\/politica-de-accesibilidade\/\" \/>\n<meta property=\"og:site_name\" content=\"Grupo Acre Portugal\" \/>\n<meta property=\"article:publisher\" content=\"https:\/\/www.facebook.com\/Acre.Surveying.Solutions\" \/>\n<meta property=\"article:modified_time\" content=\"2018-08-14T11:52:12+00:00\" \/>\n<meta name=\"twitter:card\" content=\"summary_large_image\" \/>\n<meta name=\"twitter:site\" content=\"@AcreSurveying\" \/>\n<meta name=\"twitter:label1\" content=\"Tiempo de lectura\" \/>\n\t<meta name=\"twitter:data1\" content=\"6 minutos\" \/>\n<script type=\"application\/ld+json\" class=\"yoast-schema-graph\">{\"@context\":\"https:\/\/schema.org\",\"@graph\":[{\"@type\":\"WebPage\",\"@id\":\"https:\/\/old.grupoacre.com.pt\/es\/politica-de-accesibilidade\/\",\"url\":\"https:\/\/old.grupoacre.com.pt\/es\/politica-de-accesibilidade\/\",\"name\":\"Pol\u00edtica de accesibilidad | Grupo Acre Portugal\",\"isPartOf\":{\"@id\":\"https:\/\/old.grupoacre.com.pt\/es\/#website\"},\"datePublished\":\"2017-03-29T09:13:16+00:00\",\"dateModified\":\"2018-08-14T11:52:12+00:00\",\"description\":\"A pol\u00edtica de acessibilidade abrange os objetivos e a abordagem relacionada \u00e0 acessibilidade.\",\"breadcrumb\":{\"@id\":\"https:\/\/old.grupoacre.com.pt\/es\/politica-de-accesibilidade\/#breadcrumb\"},\"inLanguage\":\"es\",\"potentialAction\":[{\"@type\":\"ReadAction\",\"target\":[[\"https:\/\/old.grupoacre.com.pt\/es\/politica-de-accesibilidade\/\"]]}]},{\"@type\":\"BreadcrumbList\",\"@id\":\"https:\/\/old.grupoacre.com.pt\/es\/politica-de-accesibilidade\/#breadcrumb\",\"itemListElement\":[{\"@type\":\"ListItem\",\"position\":1,\"name\":\"Portada\",\"item\":\"https:\/\/old.grupoacre.com.pt\/es\/\"},{\"@type\":\"ListItem\",\"position\":2,\"name\":\"Pol\u00edtica de accesibilidad\"}]},{\"@type\":\"WebSite\",\"@id\":\"https:\/\/old.grupoacre.com.pt\/es\/#website\",\"url\":\"https:\/\/old.grupoacre.com.pt\/es\/\",\"name\":\"Grupo Acre Portugal\",\"description\":\"Soluciones topogr\u00e1ficas\",\"potentialAction\":[{\"@type\":\"SearchAction\",\"target\":{\"@type\":\"EntryPoint\",\"urlTemplate\":\"https:\/\/old.grupoacre.com.pt\/es\/?s={search_term_string}\"},\"query-input\":{\"@type\":\"PropertyValueSpecification\",\"valueRequired\":true,\"valueName\":\"search_term_string\"}}],\"inLanguage\":\"es\"}]}<\/script>\n<!-- \/ Yoast SEO plugin. -->","yoast_head_json":{"title":"Pol\u00edtica de accesibilidad | Grupo Acre Portugal","description":"A pol\u00edtica de acessibilidade abrange os objetivos e a abordagem relacionada \u00e0 acessibilidade.","robots":{"index":"noindex","follow":"nofollow"},"og_locale":"es_ES","og_type":"article","og_title":"Pol\u00edtica de accesibilidad | Grupo Acre Portugal","og_description":"A pol\u00edtica de acessibilidade abrange os objetivos e a abordagem relacionada \u00e0 acessibilidade.","og_url":"https:\/\/old.grupoacre.com.pt\/es\/politica-de-accesibilidade\/","og_site_name":"Grupo Acre Portugal","article_publisher":"https:\/\/www.facebook.com\/Acre.Surveying.Solutions","article_modified_time":"2018-08-14T11:52:12+00:00","twitter_card":"summary_large_image","twitter_site":"@AcreSurveying","twitter_misc":{"Tiempo de lectura":"6 minutos"},"schema":{"@context":"https:\/\/schema.org","@graph":[{"@type":"WebPage","@id":"https:\/\/old.grupoacre.com.pt\/es\/politica-de-accesibilidade\/","url":"https:\/\/old.grupoacre.com.pt\/es\/politica-de-accesibilidade\/","name":"Pol\u00edtica de accesibilidad | Grupo Acre Portugal","isPartOf":{"@id":"https:\/\/old.grupoacre.com.pt\/es\/#website"},"datePublished":"2017-03-29T09:13:16+00:00","dateModified":"2018-08-14T11:52:12+00:00","description":"A pol\u00edtica de acessibilidade abrange os objetivos e a abordagem relacionada \u00e0 acessibilidade.","breadcrumb":{"@id":"https:\/\/old.grupoacre.com.pt\/es\/politica-de-accesibilidade\/#breadcrumb"},"inLanguage":"es","potentialAction":[{"@type":"ReadAction","target":[["https:\/\/old.grupoacre.com.pt\/es\/politica-de-accesibilidade\/"]]}]},{"@type":"BreadcrumbList","@id":"https:\/\/old.grupoacre.com.pt\/es\/politica-de-accesibilidade\/#breadcrumb","itemListElement":[{"@type":"ListItem","position":1,"name":"Portada","item":"https:\/\/old.grupoacre.com.pt\/es\/"},{"@type":"ListItem","position":2,"name":"Pol\u00edtica de accesibilidad"}]},{"@type":"WebSite","@id":"https:\/\/old.grupoacre.com.pt\/es\/#website","url":"https:\/\/old.grupoacre.com.pt\/es\/","name":"Grupo Acre Portugal","description":"Soluciones topogr\u00e1ficas","potentialAction":[{"@type":"SearchAction","target":{"@type":"EntryPoint","urlTemplate":"https:\/\/old.grupoacre.com.pt\/es\/?s={search_term_string}"},"query-input":{"@type":"PropertyValueSpecification","valueRequired":true,"valueName":"search_term_string"}}],"inLanguage":"es"}]}},"_links":{"self":[{"href":"https:\/\/old.grupoacre.com.pt\/es\/wp-json\/wp\/v2\/pages\/1321","targetHints":{"allow":["GET"]}}],"collection":[{"href":"https:\/\/old.grupoacre.com.pt\/es\/wp-json\/wp\/v2\/pages"}],"about":[{"href":"https:\/\/old.grupoacre.com.pt\/es\/wp-json\/wp\/v2\/types\/page"}],"author":[{"embeddable":true,"href":"https:\/\/old.grupoacre.com.pt\/es\/wp-json\/wp\/v2\/users\/3"}],"replies":[{"embeddable":true,"href":"https:\/\/old.grupoacre.com.pt\/es\/wp-json\/wp\/v2\/comments?post=1321"}],"version-history":[{"count":5,"href":"https:\/\/old.grupoacre.com.pt\/es\/wp-json\/wp\/v2\/pages\/1321\/revisions"}],"predecessor-version":[{"id":259632,"href":"https:\/\/old.grupoacre.com.pt\/es\/wp-json\/wp\/v2\/pages\/1321\/revisions\/259632"}],"wp:attachment":[{"href":"https:\/\/old.grupoacre.com.pt\/es\/wp-json\/wp\/v2\/media?parent=1321"}],"curies":[{"name":"wp","href":"https:\/\/api.w.org\/{rel}","templated":true}]}}